{"id":22944,"date":"2018-12-18T07:09:00","date_gmt":"2018-12-18T05:09:00","guid":{"rendered":"https:\/\/knxlive.com\/new\/why-us\/"},"modified":"2021-11-25T12:03:55","modified_gmt":"2021-11-25T10:03:55","slug":"warum-wir","status":"publish","type":"page","link":"https:\/\/knxlive.com\/de\/warum-wir\/","title":{"rendered":"Warum wir"},"content":{"rendered":"<div class=\"wpb-content-wrapper\"><p>[vc_row full_width=&#8220;stretch_row&#8220; equal_height=&#8220;yes&#8220; content_placement=&#8220;middle&#8220; bg_type=&#8220;image&#8220; parallax_style=&#8220;vcpb-default&#8220; bg_image_new=&#8220;id^11969|url^https:\/\/knxlive.com\/new\/wp-content\/uploads\/2018\/12\/fw17.png|caption^null|alt^img|title^fw17|description^null&#8220; bg_image_repeat=&#8220;no-repeat&#8220; bg_image_size=&#8220;initial&#8220; el_class=&#8220;fw-video-section blinking-bg-section3&#8243; css=&#8220;.vc_custom_1546865314996{margin-top: -112px !important;padding-top: 112px !important;padding-bottom: 90px !important;background-image: url(https:\/\/knxlive.com\/new\/wp-content\/uploads\/2019\/01\/circular-path-1.gif?id=18361) !important;background-position: 0 0 !important;background-repeat: no-repeat !important;}&#8220;][vc_column][vc_row_inner el_class=&#8220;image-caption-section type2&#8243;][vc_column_inner el_class=&#8220;rs_col-sm-12 space-right-xsmall&#8220; width=&#8220;1\/2&#8243;][vc_custom_heading text=&#8220;Unser Motiv ist bessere Bildung&#8220; font_container=&#8220;tag:p|text_align:left&#8220; use_theme_fonts=&#8220;yes&#8220; css_animation=&#8220;fadeIn&#8220; el_class=&#8220;title_uppercase vcr_heading-right&#8220;]<h2 class=\"default-heading  wpb_animate_when_almost_visible wpb_fadeInLeft fadeInLeft\" data-delay='500'>Wir helfen Ihnen, KNX von zu Hause aus zu lernen!<\/h2>[vc_column_text css_animation=&#8220;fadeIn&#8220; css=&#8220;.vc_custom_1547886056929{margin-bottom: 22px !important;}&#8220;]<div class='dt-sc-small-separator '><\/div>[\/vc_column_text][vc_column_text css_animation=&#8220;fadeIn&#8220;]Das Unternehmen &#8222;Building Automation Intelligence&#8220; (BAI) hat die einzigartige KNX Live Platform entwickelt. Die KNX Live Platform ist ein innovativer Dienst, der Benutzern Schulungen bietet, indem sie Benutzern die Interaktion mit echten KNX-Produkten erm\u00f6glichen, als w\u00e4ren sie vor ihnen.\u00a0\u00a0Die KNX Live Platform wurde f\u00fcr ihre Innovation beim 25. internationalen Wettbewerb MIT EF 2016 f\u00fcr Start-ups ausgew\u00e4hlt.[\/vc_column_text]<div id=\"1545126196569-65493bff-0a4d\" class=\"dt-sc-empty-space\"><\/div><div class='dt-sc-image-caption   wpb_animate_when_almost_visible wpb_fadeInUp fadeInUp default' data-delay='800'><div class='dt-sc-image-wrapper'><img decoding=\"async\" width=\"354\" height=\"102\" data-src=\"https:\/\/knxlive.com\/wp-content\/uploads\/2021\/01\/EIT-logo.png\" class=\"attachment-full lazyload\" alt=\"\" title=\"EIT-logo\" data-srcset=\"https:\/\/knxlive.com\/wp-content\/uploads\/2021\/01\/EIT-logo.png 354w, https:\/\/knxlive.com\/wp-content\/uploads\/2021\/01\/EIT-logo-300x86.png 300w\" data-sizes=\"(max-width: 354px) 100vw, 354px\" src=\"data:image\/svg+xml;base64,PHN2ZyB3aWR0aD0iMSIgaGVpZ2h0PSIxIiB4bWxucz0iaHR0cDovL3d3dy53My5vcmcvMjAwMC9zdmciPjwvc3ZnPg==\" style=\"--smush-placeholder-width: 354px; --smush-placeholder-aspect-ratio: 354\/102;\" \/><\/div><div class='dt-sc-image-content'><div class='dt-sc-image-title'><h3><\/h3><\/div><p><\/p><\/div><\/div>[\/vc_column_inner][vc_column_inner el_class=&#8220;rs_col-sm-12 space-left-xsmall&#8220; width=&#8220;1\/2&#8243;]<div id=\"1545121061860-489c6c08-f444\" class=\"dt-sc-empty-space\"><\/div>[vc_column_text css_animation=&#8220;fadeIn&#8220;]Die KNX Live Platform wird aus nationalen und europ\u00e4ischen Mitteln finanziert. Das Team besteht aus Elektrotechnikern mit mehrj\u00e4hriger Erfahrung bei Schneider Electric und tiefem Know-how in der Geb\u00e4udeautomation. Das Team ist begeistert vom Startup Innovation Ecosystem und beteiligt sich an verschiedenen innovativen europ\u00e4ischen Projekten zum Energiemanagement in Geb\u00e4uden und zum Komfort der Nutzer im Geb\u00e4ude.[\/vc_column_text]<div id=\"1545126218033-550ce554-5ee4\" class=\"dt-sc-empty-space\"><\/div>[\/vc_column_inner][\/vc_row_inner][\/vc_column][\/vc_row]<\/p>\n<\/div>","protected":false},"excerpt":{"rendered":"<p>[vc_row full_width=&#8220;stretch_row&#8220; equal_height=&#8220;yes&#8220; content_placement=&#8220;middle&#8220; bg_type=&#8220;image&#8220; parallax_style=&#8220;vcpb-default&#8220; bg_image_new=&#8220;id^11969|url^https:\/\/knxlive.com\/new\/wp-content\/uploads\/2018\/12\/fw17.png|caption^null|alt^img|title^fw17|description^null&#8220; bg_image_repeat=&#8220;no-repeat&#8220; bg_image_size=&#8220;initial&#8220; el_class=&#8220;fw-video-section blinking-bg-section3&#8243; css=&#8220;.vc_custom_1546865314996{margin-top: -112px !important;padding-top: 112px !important;padding-bottom: 90px !important;background-image: url(https:\/\/knxlive.com\/new\/wp-content\/uploads\/2019\/01\/circular-path-1.gif?id=18361) !important;background-position: 0 0 !important;background-repeat: no-repeat !important;}&#8220;][vc_column][vc_row_inner el_class=&#8220;image-caption-section type2&#8243;][vc_column_inner el_class=&#8220;rs_col-sm-12 space-right-xsmall&#8220; width=&#8220;1\/2&#8243;][vc_custom_heading [&hellip;]<\/p>\n","protected":false},"author":1,"featured_media":0,"parent":0,"menu_order":0,"comment_status":"closed","ping_status":"closed","template":"","meta":{"_acf_changed":false,"om_disable_all_campaigns":false,"_monsterinsights_skip_tracking":false,"_monsterinsights_sitenote_active":false,"_monsterinsights_sitenote_note":"","_monsterinsights_sitenote_category":0,"footnotes":""},"class_list":["post-22944","page","type-page","status-publish","hentry"],"acf":[],"yoast_head":"<!-- This site is optimized with the Yoast SEO plugin v27.2 - https:\/\/yoast.com\/product\/yoast-seo-wordpress\/ -->\n<title>Warum wir - KNX Live Platform<\/title>\n<meta name=\"robots\" content=\"index, follow, max-snippet:-1, max-image-preview:large, max-video-preview:-1\" \/>\n<link rel=\"canonical\" href=\"https:\/\/knxlive.com\/de\/warum-wir\/\" \/>\n<meta property=\"og:locale\" content=\"de_DE\" \/>\n<meta property=\"og:type\" content=\"article\" \/>\n<meta property=\"og:title\" content=\"Warum wir - KNX Live Platform\" \/>\n<meta property=\"og:description\" content=\"[vc_row full_width=&#8220;stretch_row&#8220; equal_height=&#8220;yes&#8220; content_placement=&#8220;middle&#8220; bg_type=&#8220;image&#8220; parallax_style=&#8220;vcpb-default&#8220; bg_image_new=&#8220;id^11969|url^https:\/\/knxlive.com\/new\/wp-content\/uploads\/2018\/12\/fw17.png|caption^null|alt^img|title^fw17|description^null&#8220; bg_image_repeat=&#8220;no-repeat&#8220; bg_image_size=&#8220;initial&#8220; el_class=&#8220;fw-video-section blinking-bg-section3&#8243; css=&#8220;.vc_custom_1546865314996{margin-top: -112px !important;padding-top: 112px !important;padding-bottom: 90px !important;background-image: url(https:\/\/knxlive.com\/new\/wp-content\/uploads\/2019\/01\/circular-path-1.gif?id=18361) !important;background-position: 0 0 !important;background-repeat: no-repeat !important;}&#8220;][vc_column][vc_row_inner el_class=&#8220;image-caption-section type2&#8243;][vc_column_inner el_class=&#8220;rs_col-sm-12 space-right-xsmall&#8220; width=&#8220;1\/2&#8243;][vc_custom_heading [&hellip;]\" \/>\n<meta property=\"og:url\" content=\"https:\/\/knxlive.com\/de\/warum-wir\/\" \/>\n<meta property=\"og:site_name\" content=\"KNX Live Platform\" \/>\n<meta property=\"article:publisher\" content=\"https:\/\/www.facebook.com\/knxliveplatform\/\" \/>\n<meta property=\"article:modified_time\" content=\"2021-11-25T10:03:55+00:00\" \/>\n<meta property=\"og:image\" content=\"https:\/\/knxlive.com\/wp-content\/uploads\/2021\/01\/Logo-Knx.png\" \/>\n\t<meta property=\"og:image:width\" content=\"1920\" \/>\n\t<meta property=\"og:image:height\" content=\"1920\" \/>\n\t<meta property=\"og:image:type\" content=\"image\/png\" \/>\n<meta name=\"twitter:card\" content=\"summary_large_image\" \/>\n<meta name=\"twitter:label1\" content=\"Gesch\u00e4tzte Lesezeit\" \/>\n\t<meta name=\"twitter:data1\" content=\"1\u00a0Minute\" \/>\n<script type=\"application\/ld+json\" class=\"yoast-schema-graph\">{\"@context\":\"https:\/\/schema.org\",\"@graph\":[{\"@type\":\"WebPage\",\"@id\":\"https:\/\/knxlive.com\/de\/warum-wir\/\",\"url\":\"https:\/\/knxlive.com\/de\/warum-wir\/\",\"name\":\"Warum wir - KNX Live Platform\",\"isPartOf\":{\"@id\":\"https:\/\/knxlive.com\/#website\"},\"datePublished\":\"2018-12-18T05:09:00+00:00\",\"dateModified\":\"2021-11-25T10:03:55+00:00\",\"breadcrumb\":{\"@id\":\"https:\/\/knxlive.com\/de\/warum-wir\/#breadcrumb\"},\"inLanguage\":\"de\",\"potentialAction\":[{\"@type\":\"ReadAction\",\"target\":[\"https:\/\/knxlive.com\/de\/warum-wir\/\"]}]},{\"@type\":\"BreadcrumbList\",\"@id\":\"https:\/\/knxlive.com\/de\/warum-wir\/#breadcrumb\",\"itemListElement\":[{\"@type\":\"ListItem\",\"position\":1,\"name\":\"Home\",\"item\":\"https:\/\/knxlive.com\/de\/\"},{\"@type\":\"ListItem\",\"position\":2,\"name\":\"Warum wir\"}]},{\"@type\":\"WebSite\",\"@id\":\"https:\/\/knxlive.com\/#website\",\"url\":\"https:\/\/knxlive.com\/\",\"name\":\"KNX Live Platform\",\"description\":\"KNX online \u03c0\u03b9\u03c3\u03c4\u03bf\u03c0\u03bf\u03b9\u03b7\u03bc\u03ad\u03bd\u03b1 \u03c3\u03b5\u03bc\u03b9\u03bd\u03ac\u03c1\u03b9\u03b1\",\"publisher\":{\"@id\":\"https:\/\/knxlive.com\/#organization\"},\"alternateName\":\"KNX online\",\"potentialAction\":[{\"@type\":\"SearchAction\",\"target\":{\"@type\":\"EntryPoint\",\"urlTemplate\":\"https:\/\/knxlive.com\/?s={search_term_string}\"},\"query-input\":{\"@type\":\"PropertyValueSpecification\",\"valueRequired\":true,\"valueName\":\"search_term_string\"}}],\"inLanguage\":\"de\"},{\"@type\":\"Organization\",\"@id\":\"https:\/\/knxlive.com\/#organization\",\"name\":\"KNX Live Platform\",\"alternateName\":\"KNX online training\",\"url\":\"https:\/\/knxlive.com\/\",\"logo\":{\"@type\":\"ImageObject\",\"inLanguage\":\"de\",\"@id\":\"https:\/\/knxlive.com\/#\/schema\/logo\/image\/\",\"url\":\"https:\/\/knxlive.com\/wp-content\/uploads\/2021\/01\/logo-black.png\",\"contentUrl\":\"https:\/\/knxlive.com\/wp-content\/uploads\/2021\/01\/logo-black.png\",\"width\":1917,\"height\":714,\"caption\":\"KNX Live Platform\"},\"image\":{\"@id\":\"https:\/\/knxlive.com\/#\/schema\/logo\/image\/\"},\"sameAs\":[\"https:\/\/www.facebook.com\/knxliveplatform\/\"]}]}<\/script>\n<!-- \/ Yoast SEO plugin. -->","yoast_head_json":{"title":"Warum wir - KNX Live Platform","robots":{"index":"index","follow":"follow","max-snippet":"max-snippet:-1","max-image-preview":"max-image-preview:large","max-video-preview":"max-video-preview:-1"},"canonical":"https:\/\/knxlive.com\/de\/warum-wir\/","og_locale":"de_DE","og_type":"article","og_title":"Warum wir - KNX Live Platform","og_description":"[vc_row full_width=&#8220;stretch_row&#8220; equal_height=&#8220;yes&#8220; content_placement=&#8220;middle&#8220; bg_type=&#8220;image&#8220; parallax_style=&#8220;vcpb-default&#8220; bg_image_new=&#8220;id^11969|url^https:\/\/knxlive.com\/new\/wp-content\/uploads\/2018\/12\/fw17.png|caption^null|alt^img|title^fw17|description^null&#8220; bg_image_repeat=&#8220;no-repeat&#8220; bg_image_size=&#8220;initial&#8220; el_class=&#8220;fw-video-section blinking-bg-section3&#8243; css=&#8220;.vc_custom_1546865314996{margin-top: -112px !important;padding-top: 112px !important;padding-bottom: 90px !important;background-image: url(https:\/\/knxlive.com\/new\/wp-content\/uploads\/2019\/01\/circular-path-1.gif?id=18361) !important;background-position: 0 0 !important;background-repeat: no-repeat !important;}&#8220;][vc_column][vc_row_inner el_class=&#8220;image-caption-section type2&#8243;][vc_column_inner el_class=&#8220;rs_col-sm-12 space-right-xsmall&#8220; width=&#8220;1\/2&#8243;][vc_custom_heading [&hellip;]","og_url":"https:\/\/knxlive.com\/de\/warum-wir\/","og_site_name":"KNX Live Platform","article_publisher":"https:\/\/www.facebook.com\/knxliveplatform\/","article_modified_time":"2021-11-25T10:03:55+00:00","og_image":[{"width":1920,"height":1920,"url":"https:\/\/knxlive.com\/wp-content\/uploads\/2021\/01\/Logo-Knx.png","type":"image\/png"}],"twitter_card":"summary_large_image","twitter_misc":{"Gesch\u00e4tzte Lesezeit":"1\u00a0Minute"},"schema":{"@context":"https:\/\/schema.org","@graph":[{"@type":"WebPage","@id":"https:\/\/knxlive.com\/de\/warum-wir\/","url":"https:\/\/knxlive.com\/de\/warum-wir\/","name":"Warum wir - KNX Live Platform","isPartOf":{"@id":"https:\/\/knxlive.com\/#website"},"datePublished":"2018-12-18T05:09:00+00:00","dateModified":"2021-11-25T10:03:55+00:00","breadcrumb":{"@id":"https:\/\/knxlive.com\/de\/warum-wir\/#breadcrumb"},"inLanguage":"de","potentialAction":[{"@type":"ReadAction","target":["https:\/\/knxlive.com\/de\/warum-wir\/"]}]},{"@type":"BreadcrumbList","@id":"https:\/\/knxlive.com\/de\/warum-wir\/#breadcrumb","itemListElement":[{"@type":"ListItem","position":1,"name":"Home","item":"https:\/\/knxlive.com\/de\/"},{"@type":"ListItem","position":2,"name":"Warum wir"}]},{"@type":"WebSite","@id":"https:\/\/knxlive.com\/#website","url":"https:\/\/knxlive.com\/","name":"KNX Live Platform","description":"KNX online \u03c0\u03b9\u03c3\u03c4\u03bf\u03c0\u03bf\u03b9\u03b7\u03bc\u03ad\u03bd\u03b1 \u03c3\u03b5\u03bc\u03b9\u03bd\u03ac\u03c1\u03b9\u03b1","publisher":{"@id":"https:\/\/knxlive.com\/#organization"},"alternateName":"KNX online","potentialAction":[{"@type":"SearchAction","target":{"@type":"EntryPoint","urlTemplate":"https:\/\/knxlive.com\/?s={search_term_string}"},"query-input":{"@type":"PropertyValueSpecification","valueRequired":true,"valueName":"search_term_string"}}],"inLanguage":"de"},{"@type":"Organization","@id":"https:\/\/knxlive.com\/#organization","name":"KNX Live Platform","alternateName":"KNX online training","url":"https:\/\/knxlive.com\/","logo":{"@type":"ImageObject","inLanguage":"de","@id":"https:\/\/knxlive.com\/#\/schema\/logo\/image\/","url":"https:\/\/knxlive.com\/wp-content\/uploads\/2021\/01\/logo-black.png","contentUrl":"https:\/\/knxlive.com\/wp-content\/uploads\/2021\/01\/logo-black.png","width":1917,"height":714,"caption":"KNX Live Platform"},"image":{"@id":"https:\/\/knxlive.com\/#\/schema\/logo\/image\/"},"sameAs":["https:\/\/www.facebook.com\/knxliveplatform\/"]}]}},"_links":{"self":[{"href":"https:\/\/knxlive.com\/de\/wp-json\/wp\/v2\/pages\/22944","targetHints":{"allow":["GET"]}}],"collection":[{"href":"https:\/\/knxlive.com\/de\/wp-json\/wp\/v2\/pages"}],"about":[{"href":"https:\/\/knxlive.com\/de\/wp-json\/wp\/v2\/types\/page"}],"author":[{"embeddable":true,"href":"https:\/\/knxlive.com\/de\/wp-json\/wp\/v2\/users\/1"}],"replies":[{"embeddable":true,"href":"https:\/\/knxlive.com\/de\/wp-json\/wp\/v2\/comments?post=22944"}],"version-history":[{"count":0,"href":"https:\/\/knxlive.com\/de\/wp-json\/wp\/v2\/pages\/22944\/revisions"}],"wp:attachment":[{"href":"https:\/\/knxlive.com\/de\/wp-json\/wp\/v2\/media?parent=22944"}],"curies":[{"name":"wp","href":"https:\/\/api.w.org\/{rel}","templated":true}]}}