{"id":25151,"date":"2021-06-13T21:28:27","date_gmt":"2021-06-13T18:28:27","guid":{"rendered":"https:\/\/knxlive.com\/?page_id=25151"},"modified":"2023-11-10T14:41:47","modified_gmt":"2023-11-10T12:41:47","slug":"pourquoi-nous","status":"publish","type":"page","link":"https:\/\/knxlive.com\/fr\/pourquoi-nous\/","title":{"rendered":"Pourquoi nous"},"content":{"rendered":"<div class=\"wpb-content-wrapper\"><p>[vc_row full_width=\u00a0\u00bbstretch_row\u00a0\u00bb equal_height=\u00a0\u00bbyes\u00a0\u00bb content_placement=\u00a0\u00bbmiddle\u00a0\u00bb bg_type=\u00a0\u00bbimage\u00a0\u00bb parallax_style=\u00a0\u00bbvcpb-default\u00a0\u00bb bg_image_new=\u00a0\u00bbid^11969|url^https:\/\/knxlive.com\/new\/wp-content\/uploads\/2018\/12\/fw17.png|caption^null|alt^img|title^fw17|description^null\u00a0\u00bb bg_image_repeat=\u00a0\u00bbno-repeat\u00a0\u00bb bg_image_size=\u00a0\u00bbinitial\u00a0\u00bb el_class=\u00a0\u00bbfw-video-section blinking-bg-section3&Prime; css=\u00a0\u00bb.vc_custom_1546865314996{margin-top: -112px !important;padding-top: 112px !important;padding-bottom: 90px !important;background-image: url(https:\/\/knxlive.com\/new\/wp-content\/uploads\/2019\/01\/circular-path-1.gif?id=18361) !important;background-position: 0 0 !important;background-repeat: no-repeat !important;}\u00a0\u00bb][vc_column][vc_row_inner el_class=\u00a0\u00bbimage-caption-section type2&Prime;][vc_column_inner el_class=\u00a0\u00bbrs_col-sm-12 space-right-xsmall\u00a0\u00bb width=\u00a0\u00bb1\/2&Prime;]<h2 class=\"default-heading  wpb_animate_when_almost_visible wpb_fadeInLeft fadeInLeft\" data-delay='500'>Partie pratique KNX en ligne depuis chez vous!<\/h2>[vc_column_text css_animation=\u00a0\u00bbfadeIn\u00a0\u00bb css=\u00a0\u00bb.vc_custom_1547886056929{margin-bottom: 22px !important;}\u00a0\u00bb]<div class='dt-sc-small-separator '><\/div>[\/vc_column_text][vc_column_text css_animation=\u00a0\u00bbfadeIn\u00a0\u00bb]Le seul centre de formation KNX qui propose la partie pratique en ligne des cours de base, avanc\u00e9s et CVC certifi\u00e9s KNX.<\/p>\n<p><a href=\"https:\/\/knxlive.com\/fr\/\">KNX Live Platform<\/a> a \u00e9t\u00e9 d\u00e9velopp\u00e9 par la soci\u00e9t\u00e9 \u00ab Building Automation Intelligence \u00bb \u00e0 Thessalonique. L\u2019objectif est d\u2019offrir le savoir-faire de l\u2019automatisation des b\u00e2timents, aux ing\u00e9nieurs du monde entier !<\/p>\n<p><a href=\"https:\/\/knxlive.com\/fr\/\">KNX Live Platform<\/a> offre aux utilisateurs la possibilit\u00e9 au-del\u00e0 de la partie th\u00e9orique, et la partie pratique KNX en ligne sur des \u00e9quipements KNX r\u00e9els. La KNX Live Platform propose aux utilisateurs non seulement la partie th\u00e9orique mais \u00e9galement la partie pratique KNX en ligne sur des \u00e9quipements KNX r\u00e9els. Les utilisateurs interagissent en ligne avec de vrais produits KNX, depuis leurs locaux.[\/vc_column_text]<div id=\"1545126196569-65493bff-0a4d\" class=\"dt-sc-empty-space\"><\/div><div class='dt-sc-image-caption   ' data-delay='0'><div class='dt-sc-image-wrapper'><img decoding=\"async\" width=\"1280\" height=\"720\" data-src=\"https:\/\/knxlive.com\/wp-content\/uploads\/2021\/03\/Demo-case.png\" class=\"attachment-full lazyload\" alt=\"\" title=\"Demo case\" data-srcset=\"https:\/\/knxlive.com\/wp-content\/uploads\/2021\/03\/Demo-case.png 1280w, https:\/\/knxlive.com\/wp-content\/uploads\/2021\/03\/Demo-case-300x169.png 300w, https:\/\/knxlive.com\/wp-content\/uploads\/2021\/03\/Demo-case-1024x576.png 1024w, https:\/\/knxlive.com\/wp-content\/uploads\/2021\/03\/Demo-case-768x432.png 768w, https:\/\/knxlive.com\/wp-content\/uploads\/2021\/03\/Demo-case-750x422.png 750w, https:\/\/knxlive.com\/wp-content\/uploads\/2021\/03\/Demo-case-540x304.png 540w, https:\/\/knxlive.com\/wp-content\/uploads\/2021\/03\/Demo-case-1000x563.png 1000w\" data-sizes=\"(max-width: 1280px) 100vw, 1280px\" src=\"data:image\/svg+xml;base64,PHN2ZyB3aWR0aD0iMSIgaGVpZ2h0PSIxIiB4bWxucz0iaHR0cDovL3d3dy53My5vcmcvMjAwMC9zdmciPjwvc3ZnPg==\" style=\"--smush-placeholder-width: 1280px; --smush-placeholder-aspect-ratio: 1280\/720;\" \/><\/div><div class='dt-sc-image-content'><div class='dt-sc-image-title'><h3><\/h3><\/div><p><\/p><\/div><\/div>[\/vc_column_inner][vc_column_inner el_class=\u00a0\u00bbrs_col-sm-12 space-left-xsmall\u00a0\u00bb width=\u00a0\u00bb1\/2&Prime;]<h2 class=\"default-heading  wpb_animate_when_almost_visible wpb_fadeInLeft fadeInLeft\" data-delay='500'>La formation la plus efficace pour vous!<\/h2>[vc_column_text css_animation=\u00a0\u00bbfadeIn\u00a0\u00bb css=\u00a0\u00bb.vc_custom_1547886056929{margin-bottom: 22px !important;}\u00a0\u00bb]<div class='dt-sc-small-separator '><\/div>[\/vc_column_text][vc_column_text css_animation=\u00a0\u00bbfadeIn\u00a0\u00bb]La <a href=\"https:\/\/knxlive.com\/fr\/\">KNX Live Platform<\/a> a \u00e9t\u00e9 financ\u00e9e par des fonds nationaux et europ\u00e9ens pour l&rsquo;innovation de la partie pratique KNX en ligne. L&rsquo;\u00e9quipe KNX Live Platform avec des ann\u00e9es d&rsquo;exp\u00e9rience et d&rsquo;expertise dans l&rsquo;automatisation des b\u00e2timents chez <a href=\"https:\/\/www.se.com\/ww\/fr\/\">Schneider Electric<\/a>.<\/p>\n<p>Passionn\u00e9 par l&rsquo;\u00e9cosyst\u00e8me d&rsquo;innovation des startups. Participe par ailleurs \u00e0 divers projets europ\u00e9ens innovants sur la gestion \u00e9nerg\u00e9tique des b\u00e2timents et le confort des utilisateurs des b\u00e2timents. La KNX Live Platform et les s\u00e9minaires certifi\u00e9s KNX en ligne ont \u00e9t\u00e9 s\u00e9lectionn\u00e9s pour leur innovation, parmi les 25 du concours international MIT EF pour start-up.[\/vc_column_text]<div id=\"1699617669407-f9ef3bd5-5b5e\" class=\"dt-sc-empty-space\"><\/div><div class='dt-sc-image-caption   ' data-delay='0'><div class='dt-sc-image-wrapper'><img decoding=\"async\" width=\"1920\" height=\"1080\" src=\"https:\/\/knxlive.com\/wp-content\/uploads\/2021\/06\/20001215_195319.bmp\" class=\"attachment-full\" alt=\"\" title=\"20001215_195319\" srcset=\"https:\/\/knxlive.com\/wp-content\/uploads\/2021\/06\/20001215_195319.bmp 1920w, https:\/\/knxlive.com\/wp-content\/uploads\/2021\/06\/20001215_195319-300x169.jpg 300w, https:\/\/knxlive.com\/wp-content\/uploads\/2021\/06\/20001215_195319-1024x576.jpg 1024w, https:\/\/knxlive.com\/wp-content\/uploads\/2021\/06\/20001215_195319-768x432.jpg 768w, https:\/\/knxlive.com\/wp-content\/uploads\/2021\/06\/20001215_195319-1536x864.jpg 1536w, https:\/\/knxlive.com\/wp-content\/uploads\/2021\/06\/20001215_195319-750x422.jpg 750w, https:\/\/knxlive.com\/wp-content\/uploads\/2021\/06\/20001215_195319-540x304.jpg 540w, https:\/\/knxlive.com\/wp-content\/uploads\/2021\/06\/20001215_195319-1000x563.jpg 1000w\" sizes=\"(max-width: 1920px) 100vw, 1920px\" \/><\/div><div class='dt-sc-image-content'><div class='dt-sc-image-title'><h3><\/h3><\/div><p><\/p><\/div><\/div>[\/vc_column_inner][\/vc_row_inner][\/vc_column][\/vc_row]<\/p>\n<\/div>","protected":false},"excerpt":{"rendered":"<p>[vc_row full_width=\u00a0\u00bbstretch_row\u00a0\u00bb equal_height=\u00a0\u00bbyes\u00a0\u00bb content_placement=\u00a0\u00bbmiddle\u00a0\u00bb bg_type=\u00a0\u00bbimage\u00a0\u00bb parallax_style=\u00a0\u00bbvcpb-default\u00a0\u00bb bg_image_new=\u00a0\u00bbid^11969|url^https:\/\/knxlive.com\/new\/wp-content\/uploads\/2018\/12\/fw17.png|caption^null|alt^img|title^fw17|description^null\u00a0\u00bb bg_image_repeat=\u00a0\u00bbno-repeat\u00a0\u00bb bg_image_size=\u00a0\u00bbinitial\u00a0\u00bb el_class=\u00a0\u00bbfw-video-section blinking-bg-section3&Prime; css=\u00a0\u00bb.vc_custom_1546865314996{margin-top: -112px !important;padding-top: 112px !important;padding-bottom: 90px !important;background-image: url(https:\/\/knxlive.com\/new\/wp-content\/uploads\/2019\/01\/circular-path-1.gif?id=18361) !important;background-position: 0 0 !important;background-repeat: no-repeat !important;}\u00a0\u00bb][vc_column][vc_row_inner el_class=\u00a0\u00bbimage-caption-section type2&Prime;][vc_column_inner el_class=\u00a0\u00bbrs_col-sm-12 space-right-xsmall\u00a0\u00bb width=\u00a0\u00bb1\/2&Prime;][vc_column_text [&hellip;]<\/p>\n","protected":false},"author":7,"featured_media":0,"parent":0,"menu_order":0,"comment_status":"closed","ping_status":"closed","template":"","meta":{"_acf_changed":false,"om_disable_all_campaigns":false,"_monsterinsights_skip_tracking":false,"_monsterinsights_sitenote_active":false,"_monsterinsights_sitenote_note":"","_monsterinsights_sitenote_category":0,"footnotes":""},"class_list":["post-25151","page","type-page","status-publish","hentry"],"acf":[],"yoast_head":"<!-- This site is optimized with the Yoast SEO plugin v27.2 - https:\/\/yoast.com\/product\/yoast-seo-wordpress\/ -->\n<title>Partie pratique KNX en ligne - Pourquoi nous!<\/title>\n<meta name=\"description\" content=\"Le seul centre de formation KNX qui propose la partie pratique en ligne des cours de base, avanc\u00e9s et CVC certifi\u00e9s KNX.\" \/>\n<meta name=\"robots\" content=\"index, follow, max-snippet:-1, max-image-preview:large, max-video-preview:-1\" \/>\n<link rel=\"canonical\" href=\"https:\/\/knxlive.com\/fr\/pourquoi-nous\/\" \/>\n<meta property=\"og:locale\" content=\"fr_FR\" \/>\n<meta property=\"og:type\" content=\"article\" \/>\n<meta property=\"og:title\" content=\"Partie pratique KNX en ligne - Pourquoi nous!\" \/>\n<meta property=\"og:description\" content=\"Le seul centre de formation KNX qui propose la partie pratique en ligne des cours de base, avanc\u00e9s et CVC certifi\u00e9s KNX.\" \/>\n<meta property=\"og:url\" content=\"https:\/\/knxlive.com\/fr\/pourquoi-nous\/\" \/>\n<meta property=\"og:site_name\" content=\"KNX Live Platform\" \/>\n<meta property=\"article:publisher\" content=\"https:\/\/www.facebook.com\/knxliveplatform\/\" \/>\n<meta property=\"article:modified_time\" content=\"2023-11-10T12:41:47+00:00\" \/>\n<meta property=\"og:image\" content=\"https:\/\/knxlive.com\/wp-content\/uploads\/2021\/01\/Logo-Knx.png\" \/>\n\t<meta property=\"og:image:width\" content=\"1920\" \/>\n\t<meta property=\"og:image:height\" content=\"1920\" \/>\n\t<meta property=\"og:image:type\" content=\"image\/png\" \/>\n<meta name=\"twitter:card\" content=\"summary_large_image\" \/>\n<meta name=\"twitter:label1\" content=\"Dur\u00e9e de lecture estim\u00e9e\" \/>\n\t<meta name=\"twitter:data1\" content=\"2 minutes\" \/>\n<script type=\"application\/ld+json\" class=\"yoast-schema-graph\">{\"@context\":\"https:\/\/schema.org\",\"@graph\":[{\"@type\":\"WebPage\",\"@id\":\"https:\/\/knxlive.com\/fr\/pourquoi-nous\/\",\"url\":\"https:\/\/knxlive.com\/fr\/pourquoi-nous\/\",\"name\":\"Partie pratique KNX en ligne - Pourquoi nous!\",\"isPartOf\":{\"@id\":\"https:\/\/knxlive.com\/#website\"},\"datePublished\":\"2021-06-13T18:28:27+00:00\",\"dateModified\":\"2023-11-10T12:41:47+00:00\",\"description\":\"Le seul centre de formation KNX qui propose la partie pratique en ligne des cours de base, avanc\u00e9s et CVC certifi\u00e9s KNX.\",\"breadcrumb\":{\"@id\":\"https:\/\/knxlive.com\/fr\/pourquoi-nous\/#breadcrumb\"},\"inLanguage\":\"fr-FR\",\"potentialAction\":[{\"@type\":\"ReadAction\",\"target\":[\"https:\/\/knxlive.com\/fr\/pourquoi-nous\/\"]}]},{\"@type\":\"BreadcrumbList\",\"@id\":\"https:\/\/knxlive.com\/fr\/pourquoi-nous\/#breadcrumb\",\"itemListElement\":[{\"@type\":\"ListItem\",\"position\":1,\"name\":\"Home\",\"item\":\"https:\/\/knxlive.com\/fr\/\"},{\"@type\":\"ListItem\",\"position\":2,\"name\":\"Pourquoi nous\"}]},{\"@type\":\"WebSite\",\"@id\":\"https:\/\/knxlive.com\/#website\",\"url\":\"https:\/\/knxlive.com\/\",\"name\":\"KNX Live Platform\",\"description\":\"S\u00e9minaires certifi\u00e9s KNX\",\"publisher\":{\"@id\":\"https:\/\/knxlive.com\/#organization\"},\"alternateName\":\"KNX online\",\"potentialAction\":[{\"@type\":\"SearchAction\",\"target\":{\"@type\":\"EntryPoint\",\"urlTemplate\":\"https:\/\/knxlive.com\/?s={search_term_string}\"},\"query-input\":{\"@type\":\"PropertyValueSpecification\",\"valueRequired\":true,\"valueName\":\"search_term_string\"}}],\"inLanguage\":\"fr-FR\"},{\"@type\":\"Organization\",\"@id\":\"https:\/\/knxlive.com\/#organization\",\"name\":\"KNX Live Platform\",\"alternateName\":\"KNX online training\",\"url\":\"https:\/\/knxlive.com\/\",\"logo\":{\"@type\":\"ImageObject\",\"inLanguage\":\"fr-FR\",\"@id\":\"https:\/\/knxlive.com\/#\/schema\/logo\/image\/\",\"url\":\"https:\/\/knxlive.com\/wp-content\/uploads\/2021\/01\/logo-black.png\",\"contentUrl\":\"https:\/\/knxlive.com\/wp-content\/uploads\/2021\/01\/logo-black.png\",\"width\":1917,\"height\":714,\"caption\":\"KNX Live Platform\"},\"image\":{\"@id\":\"https:\/\/knxlive.com\/#\/schema\/logo\/image\/\"},\"sameAs\":[\"https:\/\/www.facebook.com\/knxliveplatform\/\"]}]}<\/script>\n<!-- \/ Yoast SEO plugin. -->","yoast_head_json":{"title":"Partie pratique KNX en ligne - Pourquoi nous!","description":"Le seul centre de formation KNX qui propose la partie pratique en ligne des cours de base, avanc\u00e9s et CVC certifi\u00e9s KNX.","robots":{"index":"index","follow":"follow","max-snippet":"max-snippet:-1","max-image-preview":"max-image-preview:large","max-video-preview":"max-video-preview:-1"},"canonical":"https:\/\/knxlive.com\/fr\/pourquoi-nous\/","og_locale":"fr_FR","og_type":"article","og_title":"Partie pratique KNX en ligne - Pourquoi nous!","og_description":"Le seul centre de formation KNX qui propose la partie pratique en ligne des cours de base, avanc\u00e9s et CVC certifi\u00e9s KNX.","og_url":"https:\/\/knxlive.com\/fr\/pourquoi-nous\/","og_site_name":"KNX Live Platform","article_publisher":"https:\/\/www.facebook.com\/knxliveplatform\/","article_modified_time":"2023-11-10T12:41:47+00:00","og_image":[{"width":1920,"height":1920,"url":"https:\/\/knxlive.com\/wp-content\/uploads\/2021\/01\/Logo-Knx.png","type":"image\/png"}],"twitter_card":"summary_large_image","twitter_misc":{"Dur\u00e9e de lecture estim\u00e9e":"2 minutes"},"schema":{"@context":"https:\/\/schema.org","@graph":[{"@type":"WebPage","@id":"https:\/\/knxlive.com\/fr\/pourquoi-nous\/","url":"https:\/\/knxlive.com\/fr\/pourquoi-nous\/","name":"Partie pratique KNX en ligne - Pourquoi nous!","isPartOf":{"@id":"https:\/\/knxlive.com\/#website"},"datePublished":"2021-06-13T18:28:27+00:00","dateModified":"2023-11-10T12:41:47+00:00","description":"Le seul centre de formation KNX qui propose la partie pratique en ligne des cours de base, avanc\u00e9s et CVC certifi\u00e9s KNX.","breadcrumb":{"@id":"https:\/\/knxlive.com\/fr\/pourquoi-nous\/#breadcrumb"},"inLanguage":"fr-FR","potentialAction":[{"@type":"ReadAction","target":["https:\/\/knxlive.com\/fr\/pourquoi-nous\/"]}]},{"@type":"BreadcrumbList","@id":"https:\/\/knxlive.com\/fr\/pourquoi-nous\/#breadcrumb","itemListElement":[{"@type":"ListItem","position":1,"name":"Home","item":"https:\/\/knxlive.com\/fr\/"},{"@type":"ListItem","position":2,"name":"Pourquoi nous"}]},{"@type":"WebSite","@id":"https:\/\/knxlive.com\/#website","url":"https:\/\/knxlive.com\/","name":"KNX Live Platform","description":"S\u00e9minaires certifi\u00e9s KNX","publisher":{"@id":"https:\/\/knxlive.com\/#organization"},"alternateName":"KNX online","potentialAction":[{"@type":"SearchAction","target":{"@type":"EntryPoint","urlTemplate":"https:\/\/knxlive.com\/?s={search_term_string}"},"query-input":{"@type":"PropertyValueSpecification","valueRequired":true,"valueName":"search_term_string"}}],"inLanguage":"fr-FR"},{"@type":"Organization","@id":"https:\/\/knxlive.com\/#organization","name":"KNX Live Platform","alternateName":"KNX online training","url":"https:\/\/knxlive.com\/","logo":{"@type":"ImageObject","inLanguage":"fr-FR","@id":"https:\/\/knxlive.com\/#\/schema\/logo\/image\/","url":"https:\/\/knxlive.com\/wp-content\/uploads\/2021\/01\/logo-black.png","contentUrl":"https:\/\/knxlive.com\/wp-content\/uploads\/2021\/01\/logo-black.png","width":1917,"height":714,"caption":"KNX Live Platform"},"image":{"@id":"https:\/\/knxlive.com\/#\/schema\/logo\/image\/"},"sameAs":["https:\/\/www.facebook.com\/knxliveplatform\/"]}]}},"_links":{"self":[{"href":"https:\/\/knxlive.com\/fr\/wp-json\/wp\/v2\/pages\/25151","targetHints":{"allow":["GET"]}}],"collection":[{"href":"https:\/\/knxlive.com\/fr\/wp-json\/wp\/v2\/pages"}],"about":[{"href":"https:\/\/knxlive.com\/fr\/wp-json\/wp\/v2\/types\/page"}],"author":[{"embeddable":true,"href":"https:\/\/knxlive.com\/fr\/wp-json\/wp\/v2\/users\/7"}],"replies":[{"embeddable":true,"href":"https:\/\/knxlive.com\/fr\/wp-json\/wp\/v2\/comments?post=25151"}],"version-history":[{"count":6,"href":"https:\/\/knxlive.com\/fr\/wp-json\/wp\/v2\/pages\/25151\/revisions"}],"predecessor-version":[{"id":26370,"href":"https:\/\/knxlive.com\/fr\/wp-json\/wp\/v2\/pages\/25151\/revisions\/26370"}],"wp:attachment":[{"href":"https:\/\/knxlive.com\/fr\/wp-json\/wp\/v2\/media?parent=25151"}],"curies":[{"name":"wp","href":"https:\/\/api.w.org\/{rel}","templated":true}]}}