{"id":25164,"date":"2021-06-14T09:47:38","date_gmt":"2021-06-14T06:47:38","guid":{"rendered":"https:\/\/knxlive.com\/?page_id=25164"},"modified":"2023-11-10T14:57:28","modified_gmt":"2023-11-10T12:57:28","slug":"contact","status":"publish","type":"page","link":"https:\/\/knxlive.com\/fr\/contact\/","title":{"rendered":"Contacter"},"content":{"rendered":"<div class=\"wpb-content-wrapper\"><p>[vc_row full_width=\u00a0\u00bbstretch_row\u00a0\u00bb css=\u00a0\u00bb.vc_custom_1546238711913{padding-top: 122px !important;padding-bottom: 90px !important;background-image: url(https:\/\/knxlive.com\/new\/wp-content\/uploads\/2018\/12\/cnt-info.gif?id=18149) !important;background-position: 0 0 !important;background-repeat: no-repeat !important;}\u00a0\u00bb addstyles=\u00a0\u00bbbackground-position:right top !important;\u00a0\u00bb][vc_column el_class=\u00a0\u00bbdt-col-sm-12&Prime;][vc_custom_heading text=\u00a0\u00bbUne journ\u00e9e d&rsquo;essai gratuite d&rsquo;introduction \u00e0 la plateforme KNX Live.\u00a0\u00bb font_container=\u00a0\u00bbtag:h3|text_align:left\u00a0\u00bb use_theme_fonts=\u00a0\u00bbyes\u00a0\u00bb][vc_column_text]Journ\u00e9e d&rsquo;essai gratuite d&rsquo;introduction \u00e0 la <a href=\"https:\/\/knxlive.com\/fr\/\">plateforme KNX Live<\/a>. Contactez-nous et demandez une journ\u00e9e d&rsquo;acc\u00e8s \u00e0 la plateforme KNX Live. D\u00e9couvrez comment l&rsquo;utilisateur peut regarder la partie pratique du s\u00e9minaire. De plus, cr\u00e9ez vos propres projets sur de vrais \u00e9quipements KNX. Appuyez \u00e9galement sur les touches des interrupteurs KNX et sur les touches de programmation des appareils KNX. Enfin, activez des capteurs sp\u00e9ciaux (station m\u00e9t\u00e9o, d\u00e9tecteurs de mouvement\/pr\u00e9sence).<\/p>\n<p>Cr\u00e9ez le premier projet du cours de base certifi\u00e9 KNX en ligne sur de vrais appareils KNX.<\/p>\n<ul>\n<li>Concevez la structure du b\u00e2timent en entrant dans les espaces du b\u00e2timent.<\/li>\n<li>S\u00e9lectionnez la topologie.<\/li>\n<li>Ins\u00e9rez les appareils KNX dans la topologie du b\u00e2timent.<\/li>\n<li>Configurez les appareils KNX.<\/li>\n<li>Cr\u00e9ez des groupes d&rsquo;adresses et des connexions aux appareils KNX.<\/li>\n<li>Charger l&rsquo;adresse individuelle sur les appareils<\/li>\n<li>T\u00e9l\u00e9chargez le programme sur les produits KNX<\/li>\n<li>Utiliser les outils de diagnostic et surveiller les t\u00e9l\u00e9grammes<\/li>\n<li>Activer la lampe via le logiciel ETS<\/li>\n<li>Trouver quel appareil est en mode programmation<\/li>\n<li>D\u00e9couvrez un appareil avec une adresse individuelle pr\u00e9cise qui participe \u00e0 votre projet<\/li>\n<li>Ex\u00e9cutez une analyse de ligne et voyez tous les appareils KNX pr\u00e9sents dans votre projet<\/li>\n<\/ul>\n<p>Nous vous recommandons de regarder d&rsquo;abord la <a href=\"https:\/\/www.youtube.com\/watch?v=77__2sTP4qM\">vid\u00e9o<\/a> pour comprendre la plateforme KNX Live.[\/vc_column_text]<div id=\"1545378992950-5e3969ba-52e5\" class=\"dt-sc-empty-space\"><\/div>[\/vc_column][\/vc_row][vc_row full_width=\u00a0\u00bbstretch_row_content_no_spaces\u00a0\u00bb css=\u00a0\u00bb.vc_custom_1545655531232{margin-top: -127px !important;}\u00a0\u00bb][vc_column el_align=\u00a0\u00bbcenter\u00a0\u00bb el_class=\u00a0\u00bbaligncenter\u00a0\u00bb][vc_raw_html]JTNDaWZyYW1lJTIwc3JjJTNEJTIyaHR0cHMlM0ElMkYlMkZ3d3cuZ29vZ2xlLmNvbSUyRm1hcHMlMkZlbWJlZCUzRnBiJTNEJTIxMW0xOCUyMTFtMTIlMjExbTMlMjExZDMwMjkuMTg4NTAyODMzOTExJTIxMmQyMi45ODEwODY2MTU0MDE1ODclMjEzZDQwLjYwMzY2NDQ3OTM0MzclMjEybTMlMjExZjAlMjEyZjAlMjEzZjAlMjEzbTIlMjExaTEwMjQlMjEyaTc2OCUyMTRmMTMuMSUyMTNtMyUyMTFtMiUyMTFzMHgxNGE4MzhiZTlmZGQ1MjM1JTI1M0EweGNkZWUzNWY2ZjQwYzBkMmIlMjEyc0VnbmF0aWElMjUyMDMlMjUyQyUyNTIwUGlsZWElMjUyMDU1NSUyNTIwMzUlMjE1ZTAlMjEzbTIlMjExc2VuJTIxMnNnciUyMTR2MTYxODgyMDkwMjYyMiUyMTVtMiUyMTFzZW4lMjEyc2dyJTIyJTIwd2lkdGglM0QlMjIxMDAlMjUlMjIlMjBoZWlnaHQlM0QlMjI2NTAlMjIlMjBzdHlsZSUzRCUyMmJvcmRlciUzQTAlM0IlMjIlMjBhbGxvd2Z1bGxzY3JlZW4lM0QlMjIlMjIlMjBsb2FkaW5nJTNEJTIybGF6eSUyMiUzRSUzQyUyRmlmcmFtZSUzRQ==[\/vc_raw_html][\/vc_column][\/vc_row][vc_row full_width=\u00a0\u00bbstretch_row\u00a0\u00bb css=\u00a0\u00bb.vc_custom_1546238711913{padding-top: 122px !important;padding-bottom: 90px !important;background-image: url(https:\/\/knxlive.com\/new\/wp-content\/uploads\/2018\/12\/cnt-info.gif?id=18149) !important;background-position: 0 0 !important;background-repeat: no-repeat !important;}\u00a0\u00bb addstyles=\u00a0\u00bbbackground-position:right top !important;\u00a0\u00bb][vc_column el_class=\u00a0\u00bbdt-col-sm-12&Prime;]<div id=\"1699620792171-baeac497-37d0\" class=\"dt-sc-empty-space\"><\/div><div class='dt-sc-contact-info   wpb_animate_when_almost_visible wpb_fadeInRight fadeInRight simple-type' data-delay='500'><span class='fas fa-map-marker-alt'> <\/span><h6>Addresse<\/h6><a href=\"https:\/\/goo.gl\/maps\/5igw68K387TpStw79\">Egnatia 3, 55535, Thessaloniki<\/a><\/div><div class='dt-sc-contact-info   wpb_animate_when_almost_visible wpb_fadeInRight fadeInRight simple-type' data-delay='600'><span class='fas fa-phone'> <\/span><h6>T\u00e9l\u00e9phoner<\/h6><a href=\"tel:+302315516144\">+30 2315516144<\/a> &amp;<a href=\"tel:6948703047\"> 6948703047<\/a><\/div><div class='dt-sc-contact-info   wpb_animate_when_almost_visible wpb_fadeInRight fadeInRight simple-type' data-delay='700'><span class='fas fa-envelope'> <\/span><h6>Email<\/h6><a href=\"mailto:info@knxline.com\">info@knxlive.com<\/a><\/div><div id=\"1699620792211-67685642-e2aa\" class=\"dt-sc-empty-space\"><\/div><h6 class=\"default-heading  wpb_animate_when_almost_visible wpb_fadeInUp fadeInUp\" data-delay='800'>Suivez nous:<\/h6><div id=\"1699620792241-18fef4a4-f05f\" class=\"dt-sc-empty-space\"><\/div><ul id='dt-1699620792254-56f1def8-3768' data-delay='900' class='dt-sc-sociable extra-large left wpb_animate_when_almost_visible wpb_fadeInUp fadeInUp social-icons-large'\r\n                data-default-style = 'filled'\r\n                data-default-border-radius = 'no'\r\n                data-default-shape = 'circle'\r\n                data-hover-style = 'filled'\r\n                data-hover-border-radius = 'no'\r\n                data-hover-shape = 'circle'\r\n                ><li class=\"facebook\">  <a href=\"#\" title=\"\" target=\"_self\">      <span class=\"dt-icon-default\"> <span><\/span> <\/span>      <i><\/i>      <span class=\"dt-icon-hover\"> <span><\/span> <\/span>  <\/a><\/li><li class=\"twitter\">  <a href=\"#\" title=\"\" target=\"_self\">      <span class=\"dt-icon-default\"> <span><\/span> <\/span>      <i><\/i>      <span class=\"dt-icon-hover\"> <span><\/span> <\/span>  <\/a><\/li><li class=\"google-plus\">  <a href=\"#\" title=\"\" target=\"_self\">      <span class=\"dt-icon-default\"> <span><\/span> <\/span>      <i><\/i>      <span class=\"dt-icon-hover\"> <span><\/span> <\/span>  <\/a><\/li><li class=\"instagram\">  <a href=\"#\" title=\"\" target=\"_self\">      <span class=\"dt-icon-default\"> <span><\/span> <\/span>      <i><\/i>      <span class=\"dt-icon-hover\"> <span><\/span> <\/span>  <\/a><\/li><li class=\"vimeo\">  <a href=\"#\" title=\"\" target=\"_self\">      <span class=\"dt-icon-default\"> <span><\/span> <\/span>      <i><\/i>      <span class=\"dt-icon-hover\"> <span><\/span> <\/span>  <\/a><\/li><\/ul>[\/vc_column][\/vc_row][vc_row full_width=\u00a0\u00bbstretch_row\u00a0\u00bb bg_type=\u00a0\u00bbimage\u00a0\u00bb parallax_style=\u00a0\u00bbvcpb-fs-jquery\u00a0\u00bb layer_image=\u00a0\u00bb18154,18153&Prime; parallax_sense=\u00a0\u00bb60&Prime; css=\u00a0\u00bb.vc_custom_1546239873415{background-color: #fafafa !important;}\u00a0\u00bb el_class=\u00a0\u00bbmouse-hover-animation\u00a0\u00bb][vc_column width=\u00a0\u00bb1\/4&Prime;][\/vc_column][vc_column width=\u00a0\u00bb1\/2&Prime; css_animation=\u00a0\u00bbfadeIn\u00a0\u00bb delay=\u00a0\u00bb150&Prime; el_class=\u00a0\u00bbspace-both-xsmall\u00a0\u00bb]<div id=\"1545374664710-5b96ded1-4582\" class=\"dt-sc-empty-space\"><\/div>[vc_row_inner][vc_column_inner el_class=\u00a0\u00bbaligncenter\u00a0\u00bb]<h2 class=\"default-title  wpb_animate_when_almost_visible wpb_top-to-bottom top-to-bottom\" data-delay='150'>Entrer en contact<\/h2>[vc_custom_heading text=\u00a0\u00bbNous sommes toujours ouverts \u00e0 vos id\u00e9es\u00a0\u00bb font_container=\u00a0\u00bbtag:p|text_align:center\u00a0\u00bb use_theme_fonts=\u00a0\u00bbyes\u00a0\u00bb css_animation=\u00a0\u00bbfadeIn\u00a0\u00bb el_class=\u00a0\u00bbtitle_uppercase\u00a0\u00bb][\/vc_column_inner][\/vc_row_inner]<div id=\"1545374696746-2f234990-7a8f\" class=\"dt-sc-empty-space\"><\/div>\n<div class=\"wpcf7 no-js\" id=\"wpcf7-f24781-o1\" lang=\"en-US\" dir=\"ltr\" data-wpcf7-id=\"24781\">\n<div class=\"screen-reader-response\"><p role=\"status\" aria-live=\"polite\" aria-atomic=\"true\"><\/p> <ul><\/ul><\/div>\n<form action=\"\/fr\/wp-json\/wp\/v2\/pages\/25164#wpcf7-f24781-o1\" method=\"post\" class=\"wpcf7-form init contact-form\" aria-label=\"Contact form\" novalidate=\"novalidate\" data-status=\"init\">\n<fieldset class=\"hidden-fields-container\"><input type=\"hidden\" name=\"_wpcf7\" value=\"24781\" \/><input type=\"hidden\" name=\"_wpcf7_version\" value=\"6.1.5\" \/><input type=\"hidden\" name=\"_wpcf7_locale\" value=\"en_US\" \/><input type=\"hidden\" name=\"_wpcf7_unit_tag\" value=\"wpcf7-f24781-o1\" \/><input type=\"hidden\" name=\"_wpcf7_container_post\" value=\"0\" \/><input type=\"hidden\" name=\"_wpcf7_posted_data_hash\" value=\"\" \/><input type=\"hidden\" name=\"_wpcf7_recaptcha_response\" value=\"\" \/>\n<\/fieldset>\n<div class=\"column dt-sc-one-column first\">\n\t<p><span class=\"wpcf7-form-control-wrap\" data-name=\"first_name\"><input size=\"40\" maxlength=\"400\" class=\"wpcf7-form-control wpcf7-text wpcf7-validates-as-required\" aria-required=\"true\" aria-invalid=\"false\" placeholder=\"Nom\" value=\"\" type=\"text\" name=\"first_name\" \/><\/span>\n\t<\/p>\n<\/div>\n<div class=\"column dt-sc-one-column\">\n\t<p><span class=\"wpcf7-form-control-wrap\" data-name=\"email-606\"><input size=\"40\" maxlength=\"400\" class=\"wpcf7-form-control wpcf7-email wpcf7-validates-as-required wpcf7-text wpcf7-validates-as-email\" aria-required=\"true\" aria-invalid=\"false\" placeholder=\"Email\" value=\"\" type=\"email\" name=\"email-606\" \/><\/span>\n\t<\/p>\n<\/div>\n<div class=\"column dt-sc-one-column first address\">\n\t<p><span class=\"wpcf7-form-control-wrap\" data-name=\"date-522\"><input class=\"wpcf7-form-control wpcf7-date wpcf7-validates-as-date\" aria-invalid=\"false\" value=\"\" type=\"date\" name=\"date-522\" \/><\/span>\n\t<\/p>\n<\/div>\n<div class=\"column dt-sc-one-column\">\n\t<p><span class=\"wpcf7-form-control-wrap\" data-name=\"tel-774\"><input size=\"40\" maxlength=\"400\" class=\"wpcf7-form-control wpcf7-tel wpcf7-validates-as-required wpcf7-text wpcf7-validates-as-tel\" aria-required=\"true\" aria-invalid=\"false\" placeholder=\"Tel\" value=\"\" type=\"tel\" name=\"tel-774\" \/><\/span>\n\t<\/p>\n<\/div>\n<div class=\"column dt-sc-one-column\">\n\t<p><span class=\"wpcf7-form-control-wrap\" data-name=\"menu-447\"><select class=\"wpcf7-form-control wpcf7-select wpcf7-validates-as-required\" aria-required=\"true\" aria-invalid=\"false\" name=\"menu-447\"><option value=\"Ing\u00e9nieur \u00e9lectricien\">Ing\u00e9nieur \u00e9lectricien<\/option><option value=\"Ing\u00e9nieur en informatique\">Ing\u00e9nieur en informatique<\/option><option value=\"Ing\u00e9nieur m\u00e9canique\">Ing\u00e9nieur m\u00e9canique<\/option><option value=\"Ing\u00e9nieur Civil\">Ing\u00e9nieur Civil<\/option><option value=\"Architecte\">Architecte<\/option><option value=\"Ing\u00e9nieur de construction\">Ing\u00e9nieur de construction<\/option><option value=\"Installateur \u00e9lectricien\">Installateur \u00e9lectricien<\/option><option value=\"Ing\u00e9nieurd&#039;automatisation\">Ing\u00e9nieurd&#039;automatisation<\/option><option value=\"Ing\u00e9nieur informatique\">Ing\u00e9nieur informatique<\/option><option value=\"D\u00e9corateur de locaux\">D\u00e9corateur de locaux<\/option><option value=\"R\u00e9frig\u00e9rant\">R\u00e9frig\u00e9rant<\/option><\/select><\/span>\n\t<\/p>\n<\/div>\n<div class=\"column dt-sc-one-column first\">\n\t<p><span class=\"wpcf7-form-control-wrap\" data-name=\"textarea-960\"><textarea cols=\"40\" rows=\"10\" maxlength=\"2000\" class=\"wpcf7-form-control wpcf7-textarea\" aria-invalid=\"false\" placeholder=\"Un message\" name=\"textarea-960\"><\/textarea><\/span>\n\t<\/p>\n<\/div>\n<p><button type=\"submit\" class=\"fas fa-paper-plane\">Envoyer le message<\/button>\n<\/p><div class=\"wpcf7-response-output\" aria-hidden=\"true\"><\/div>\n<\/form>\n<\/div>\n<div id=\"1545368663541-0264618a-5b21\" class=\"dt-sc-empty-space\"><\/div>[\/vc_column][vc_column width=\u00a0\u00bb1\/4&Prime;][\/vc_column][\/vc_row]<\/p>\n<\/div>","protected":false},"excerpt":{"rendered":"<p>[vc_row full_width=\u00a0\u00bbstretch_row\u00a0\u00bb css=\u00a0\u00bb.vc_custom_1546238711913{padding-top: 122px !important;padding-bottom: 90px !important;background-image: url(https:\/\/knxlive.com\/new\/wp-content\/uploads\/2018\/12\/cnt-info.gif?id=18149) !important;background-position: 0 0 !important;background-repeat: no-repeat !important;}\u00a0\u00bb addstyles=\u00a0\u00bbbackground-position:right top !important;\u00a0\u00bb][vc_column el_class=\u00a0\u00bbdt-col-sm-12&Prime;][vc_custom_heading text=\u00a0\u00bbUne journ\u00e9e d&rsquo;essai gratuite d&rsquo;introduction \u00e0 la plateforme KNX Live.\u00a0\u00bb font_container=\u00a0\u00bbtag:h3|text_align:left\u00a0\u00bb use_theme_fonts=\u00a0\u00bbyes\u00a0\u00bb][vc_column_text]Journ\u00e9e [&hellip;]<\/p>\n","protected":false},"author":1,"featured_media":0,"parent":0,"menu_order":0,"comment_status":"closed","ping_status":"closed","template":"","meta":{"_acf_changed":false,"om_disable_all_campaigns":false,"_monsterinsights_skip_tracking":false,"_monsterinsights_sitenote_active":false,"_monsterinsights_sitenote_note":"","_monsterinsights_sitenote_category":0,"footnotes":""},"class_list":["post-25164","page","type-page","status-publish","hentry"],"acf":[],"yoast_head":"<!-- This site is optimized with the Yoast SEO plugin v27.2 - https:\/\/yoast.com\/product\/yoast-seo-wordpress\/ -->\n<title>Journ\u00e9e d&#039;essai Introduction \u00e0 la plateforme KNX Live - Contactez<\/title>\n<meta name=\"description\" content=\"Contactez-nous pour une journ\u00e9e d&#039;essai gratuite d&#039;introduction \u00e0 la plateforme KNX Live et cr\u00e9ez votre premier projet.\" \/>\n<meta name=\"robots\" content=\"index, follow, max-snippet:-1, max-image-preview:large, max-video-preview:-1\" \/>\n<link rel=\"canonical\" href=\"https:\/\/knxlive.com\/fr\/contact\/\" \/>\n<meta property=\"og:locale\" content=\"fr_FR\" \/>\n<meta property=\"og:type\" content=\"article\" \/>\n<meta property=\"og:title\" content=\"Journ\u00e9e d&#039;essai Introduction \u00e0 la plateforme KNX Live - Contactez\" \/>\n<meta property=\"og:description\" content=\"Contactez-nous pour une journ\u00e9e d&#039;essai gratuite d&#039;introduction \u00e0 la plateforme KNX Live et cr\u00e9ez votre premier projet.\" \/>\n<meta property=\"og:url\" content=\"https:\/\/knxlive.com\/fr\/contact\/\" \/>\n<meta property=\"og:site_name\" content=\"KNX Live Platform\" \/>\n<meta property=\"article:publisher\" content=\"https:\/\/www.facebook.com\/knxliveplatform\/\" \/>\n<meta property=\"article:modified_time\" content=\"2023-11-10T12:57:28+00:00\" \/>\n<meta property=\"og:image\" content=\"https:\/\/knxlive.com\/wp-content\/uploads\/2021\/01\/Logo-Knx.png\" \/>\n\t<meta property=\"og:image:width\" content=\"1920\" \/>\n\t<meta property=\"og:image:height\" content=\"1920\" \/>\n\t<meta property=\"og:image:type\" content=\"image\/png\" \/>\n<meta name=\"twitter:card\" content=\"summary_large_image\" \/>\n<meta name=\"twitter:label1\" content=\"Dur\u00e9e de lecture estim\u00e9e\" \/>\n\t<meta name=\"twitter:data1\" content=\"3 minutes\" \/>\n<script type=\"application\/ld+json\" class=\"yoast-schema-graph\">{\"@context\":\"https:\/\/schema.org\",\"@graph\":[{\"@type\":\"WebPage\",\"@id\":\"https:\/\/knxlive.com\/fr\/contact\/\",\"url\":\"https:\/\/knxlive.com\/fr\/contact\/\",\"name\":\"Journ\u00e9e d'essai Introduction \u00e0 la plateforme KNX Live - Contactez\",\"isPartOf\":{\"@id\":\"https:\/\/knxlive.com\/#website\"},\"datePublished\":\"2021-06-14T06:47:38+00:00\",\"dateModified\":\"2023-11-10T12:57:28+00:00\",\"description\":\"Contactez-nous pour une journ\u00e9e d'essai gratuite d'introduction \u00e0 la plateforme KNX Live et cr\u00e9ez votre premier projet.\",\"breadcrumb\":{\"@id\":\"https:\/\/knxlive.com\/fr\/contact\/#breadcrumb\"},\"inLanguage\":\"fr-FR\",\"potentialAction\":[{\"@type\":\"ReadAction\",\"target\":[\"https:\/\/knxlive.com\/fr\/contact\/\"]}]},{\"@type\":\"BreadcrumbList\",\"@id\":\"https:\/\/knxlive.com\/fr\/contact\/#breadcrumb\",\"itemListElement\":[{\"@type\":\"ListItem\",\"position\":1,\"name\":\"Home\",\"item\":\"https:\/\/knxlive.com\/fr\/\"},{\"@type\":\"ListItem\",\"position\":2,\"name\":\"Contacter\"}]},{\"@type\":\"WebSite\",\"@id\":\"https:\/\/knxlive.com\/#website\",\"url\":\"https:\/\/knxlive.com\/\",\"name\":\"KNX Live Platform\",\"description\":\"S\u00e9minaires certifi\u00e9s KNX\",\"publisher\":{\"@id\":\"https:\/\/knxlive.com\/#organization\"},\"alternateName\":\"KNX online\",\"potentialAction\":[{\"@type\":\"SearchAction\",\"target\":{\"@type\":\"EntryPoint\",\"urlTemplate\":\"https:\/\/knxlive.com\/?s={search_term_string}\"},\"query-input\":{\"@type\":\"PropertyValueSpecification\",\"valueRequired\":true,\"valueName\":\"search_term_string\"}}],\"inLanguage\":\"fr-FR\"},{\"@type\":\"Organization\",\"@id\":\"https:\/\/knxlive.com\/#organization\",\"name\":\"KNX Live Platform\",\"alternateName\":\"KNX online training\",\"url\":\"https:\/\/knxlive.com\/\",\"logo\":{\"@type\":\"ImageObject\",\"inLanguage\":\"fr-FR\",\"@id\":\"https:\/\/knxlive.com\/#\/schema\/logo\/image\/\",\"url\":\"https:\/\/knxlive.com\/wp-content\/uploads\/2021\/01\/logo-black.png\",\"contentUrl\":\"https:\/\/knxlive.com\/wp-content\/uploads\/2021\/01\/logo-black.png\",\"width\":1917,\"height\":714,\"caption\":\"KNX Live Platform\"},\"image\":{\"@id\":\"https:\/\/knxlive.com\/#\/schema\/logo\/image\/\"},\"sameAs\":[\"https:\/\/www.facebook.com\/knxliveplatform\/\"]}]}<\/script>\n<!-- \/ Yoast SEO plugin. -->","yoast_head_json":{"title":"Journ\u00e9e d'essai Introduction \u00e0 la plateforme KNX Live - Contactez","description":"Contactez-nous pour une journ\u00e9e d'essai gratuite d'introduction \u00e0 la plateforme KNX Live et cr\u00e9ez votre premier projet.","robots":{"index":"index","follow":"follow","max-snippet":"max-snippet:-1","max-image-preview":"max-image-preview:large","max-video-preview":"max-video-preview:-1"},"canonical":"https:\/\/knxlive.com\/fr\/contact\/","og_locale":"fr_FR","og_type":"article","og_title":"Journ\u00e9e d'essai Introduction \u00e0 la plateforme KNX Live - Contactez","og_description":"Contactez-nous pour une journ\u00e9e d'essai gratuite d'introduction \u00e0 la plateforme KNX Live et cr\u00e9ez votre premier projet.","og_url":"https:\/\/knxlive.com\/fr\/contact\/","og_site_name":"KNX Live Platform","article_publisher":"https:\/\/www.facebook.com\/knxliveplatform\/","article_modified_time":"2023-11-10T12:57:28+00:00","og_image":[{"width":1920,"height":1920,"url":"https:\/\/knxlive.com\/wp-content\/uploads\/2021\/01\/Logo-Knx.png","type":"image\/png"}],"twitter_card":"summary_large_image","twitter_misc":{"Dur\u00e9e de lecture estim\u00e9e":"3 minutes"},"schema":{"@context":"https:\/\/schema.org","@graph":[{"@type":"WebPage","@id":"https:\/\/knxlive.com\/fr\/contact\/","url":"https:\/\/knxlive.com\/fr\/contact\/","name":"Journ\u00e9e d'essai Introduction \u00e0 la plateforme KNX Live - Contactez","isPartOf":{"@id":"https:\/\/knxlive.com\/#website"},"datePublished":"2021-06-14T06:47:38+00:00","dateModified":"2023-11-10T12:57:28+00:00","description":"Contactez-nous pour une journ\u00e9e d'essai gratuite d'introduction \u00e0 la plateforme KNX Live et cr\u00e9ez votre premier projet.","breadcrumb":{"@id":"https:\/\/knxlive.com\/fr\/contact\/#breadcrumb"},"inLanguage":"fr-FR","potentialAction":[{"@type":"ReadAction","target":["https:\/\/knxlive.com\/fr\/contact\/"]}]},{"@type":"BreadcrumbList","@id":"https:\/\/knxlive.com\/fr\/contact\/#breadcrumb","itemListElement":[{"@type":"ListItem","position":1,"name":"Home","item":"https:\/\/knxlive.com\/fr\/"},{"@type":"ListItem","position":2,"name":"Contacter"}]},{"@type":"WebSite","@id":"https:\/\/knxlive.com\/#website","url":"https:\/\/knxlive.com\/","name":"KNX Live Platform","description":"S\u00e9minaires certifi\u00e9s KNX","publisher":{"@id":"https:\/\/knxlive.com\/#organization"},"alternateName":"KNX online","potentialAction":[{"@type":"SearchAction","target":{"@type":"EntryPoint","urlTemplate":"https:\/\/knxlive.com\/?s={search_term_string}"},"query-input":{"@type":"PropertyValueSpecification","valueRequired":true,"valueName":"search_term_string"}}],"inLanguage":"fr-FR"},{"@type":"Organization","@id":"https:\/\/knxlive.com\/#organization","name":"KNX Live Platform","alternateName":"KNX online training","url":"https:\/\/knxlive.com\/","logo":{"@type":"ImageObject","inLanguage":"fr-FR","@id":"https:\/\/knxlive.com\/#\/schema\/logo\/image\/","url":"https:\/\/knxlive.com\/wp-content\/uploads\/2021\/01\/logo-black.png","contentUrl":"https:\/\/knxlive.com\/wp-content\/uploads\/2021\/01\/logo-black.png","width":1917,"height":714,"caption":"KNX Live Platform"},"image":{"@id":"https:\/\/knxlive.com\/#\/schema\/logo\/image\/"},"sameAs":["https:\/\/www.facebook.com\/knxliveplatform\/"]}]}},"_links":{"self":[{"href":"https:\/\/knxlive.com\/fr\/wp-json\/wp\/v2\/pages\/25164","targetHints":{"allow":["GET"]}}],"collection":[{"href":"https:\/\/knxlive.com\/fr\/wp-json\/wp\/v2\/pages"}],"about":[{"href":"https:\/\/knxlive.com\/fr\/wp-json\/wp\/v2\/types\/page"}],"author":[{"embeddable":true,"href":"https:\/\/knxlive.com\/fr\/wp-json\/wp\/v2\/users\/1"}],"replies":[{"embeddable":true,"href":"https:\/\/knxlive.com\/fr\/wp-json\/wp\/v2\/comments?post=25164"}],"version-history":[{"count":5,"href":"https:\/\/knxlive.com\/fr\/wp-json\/wp\/v2\/pages\/25164\/revisions"}],"predecessor-version":[{"id":26374,"href":"https:\/\/knxlive.com\/fr\/wp-json\/wp\/v2\/pages\/25164\/revisions\/26374"}],"wp:attachment":[{"href":"https:\/\/knxlive.com\/fr\/wp-json\/wp\/v2\/media?parent=25164"}],"curies":[{"name":"wp","href":"https:\/\/api.w.org\/{rel}","templated":true}]}}