{"id":25165,"date":"2021-06-14T09:47:49","date_gmt":"2021-06-14T06:47:49","guid":{"rendered":"https:\/\/knxlive.com\/?page_id=25165"},"modified":"2023-11-11T14:13:37","modified_gmt":"2023-11-11T12:13:37","slug":"course-list","status":"publish","type":"page","link":"https:\/\/knxlive.com\/fr\/course-list\/","title":{"rendered":"Course List"},"content":{"rendered":"<div class=\"wpb-content-wrapper\"><p>[vc_row full_width=\u00a0\u00bbstretch_row\u00a0\u00bb bg_type=\u00a0\u00bbimage\u00a0\u00bb parallax_style=\u00a0\u00bbvcpb-vz-jquery\u00a0\u00bb bg_image_new=\u00a0\u00bbid^11837|url^https:\/\/knxlive.com\/new\/wp-content\/uploads\/2018\/12\/fw12.png|caption^null|alt^img|title^fw12|description^null\u00a0\u00bb bg_image_repeat=\u00a0\u00bbno-repeat\u00a0\u00bb bg_image_size=\u00a0\u00bbinitial\u00a0\u00bb css=\u00a0\u00bb.vc_custom_1545738980195{margin-top: -127px !important;}\u00a0\u00bb][vc_column]<h2 class=\"  wpb_animate_when_almost_visible wpb_fadeInLeft fadeInLeft\" data-delay='0'>Choisissez l'un des s\u00e9minaires certifi\u00e9s KNX en ligne!<\/h2>[vc_column_text css_animation=\u00a0\u00bbfadeInRight\u00a0\u00bb]Des s\u00e9minaires certifi\u00e9s KNX en ligne (basique, avanc\u00e9, HVAC) sont propos\u00e9s par la KNX Live Platform, qui est un centre de formation certifi\u00e9 KNX. L&rsquo;utilisateur a acc\u00e8s \u00e0 la plateforme 24h\/24 et peut assister \u00e0 la th\u00e9orie selon les pr\u00e9sentations officielles de l&rsquo;organisation KNX. De plus, la plateforme de formation est connect\u00e9e \u00e0 l&rsquo;\u00e9quipement KNX, sur lequel se d\u00e9roule la formation pratique.<\/p>\n<p style=\"text-align: center;\"><img decoding=\"async\" class=\"alignnone size-medium wp-image-25510 lazyload\" data-src=\"https:\/\/knxlive.com\/wp-content\/uploads\/2021\/03\/Demo-case-300x169.png\" alt=\"\" width=\"300\" height=\"169\" data-srcset=\"https:\/\/knxlive.com\/wp-content\/uploads\/2021\/03\/Demo-case-300x169.png 300w, https:\/\/knxlive.com\/wp-content\/uploads\/2021\/03\/Demo-case-1024x576.png 1024w, https:\/\/knxlive.com\/wp-content\/uploads\/2021\/03\/Demo-case-768x432.png 768w, https:\/\/knxlive.com\/wp-content\/uploads\/2021\/03\/Demo-case-750x422.png 750w, https:\/\/knxlive.com\/wp-content\/uploads\/2021\/03\/Demo-case-540x304.png 540w, https:\/\/knxlive.com\/wp-content\/uploads\/2021\/03\/Demo-case-1000x563.png 1000w, https:\/\/knxlive.com\/wp-content\/uploads\/2021\/03\/Demo-case.png 1280w\" data-sizes=\"(max-width: 300px) 100vw, 300px\" src=\"data:image\/svg+xml;base64,PHN2ZyB3aWR0aD0iMSIgaGVpZ2h0PSIxIiB4bWxucz0iaHR0cDovL3d3dy53My5vcmcvMjAwMC9zdmciPjwvc3ZnPg==\" style=\"--smush-placeholder-width: 300px; --smush-placeholder-aspect-ratio: 300\/169;\" \/><\/p>\n<p><a href=\"https:\/\/knxlive.com\/fr\/\">KNX Live Platform<\/a> est un centre de formation certifi\u00e9 KNX qui propose tous les s\u00e9minaires certifi\u00e9s KNX en ligne (de base, avanc\u00e9, HVAC). Avec les s\u00e9minaires certifi\u00e9s KNX en ligne, l&rsquo;utilisateur dispose de 4 jours d&rsquo;acc\u00e8s \u00e0 la plateforme 24h\/24 et peut assister \u00e0 la th\u00e9orie officielle de l&rsquo;<a href=\"https:\/\/www.knx.org\/knx-en\/\">organisation KNX<\/a>. De plus, la plateforme de formation est connect\u00e9e \u00e0 l&rsquo;\u00e9quipement KXN, sur lequel se d\u00e9roulent les formations pratiques et les mises en pratique.<\/p>\n<p>Cr\u00e9ez le premier projet du cours de base certifi\u00e9 KNX en ligne sur de vrais appareils KNX.<\/p>\n<ul>\n<li>Concevez la structure du b\u00e2timent en entrant dans les espaces du b\u00e2timent.<\/li>\n<li>S\u00e9lectionnez la topologie.<\/li>\n<li>Ins\u00e9rez les appareils CVC dans la topologie du b\u00e2timent.<\/li>\n<li>Configurez les appareils KNX.<\/li>\n<li>Cr\u00e9ez des groupes d&rsquo;adresses et des connexions aux appareils KNX.<\/li>\n<li>Charger l&rsquo;adresse individuelle sur les appareils<\/li>\n<li>T\u00e9l\u00e9chargez le programme sur les produits KNX<\/li>\n<li>Utiliser les outils de diagnostic et surveiller les t\u00e9l\u00e9grammes<\/li>\n<li>Activer la lampe via le logiciel ETS<\/li>\n<li>Trouver quel appareil est en mode programmation<\/li>\n<li>D\u00e9couvrez un appareil avec une adresse individuelle pr\u00e9cise qui participe \u00e0 votre projet<\/li>\n<li>Ex\u00e9cutez une analyse de ligne et voyez tous les appareils KNX pr\u00e9sents dans votre projet<\/li>\n<\/ul>\n<p>Nous vous recommandons de regarder d&rsquo;abord la vid\u00e9o pour comprendre la plateforme KNX Live.[\/vc_column_text]<div id=\"1545738993416-7c871eda-0bd1\" class=\"dt-sc-empty-space\"><\/div><div class=\"dtlms-courses-listing-holder grid  fullwidth-courses\" data-enablecarousel=\"false\" data-postperpage=\"28\" data-columns=\"3\" data-showauthordetails=\"true\" data-applyisotope=\"true\" data-enablecategoryisotopefilter=\"false\" data-disablefilters=\"false\" data-defaultfilter=\"\" data-defaultdisplaytype=\"grid\" data-courseitemids=\"\" data-coursecategoryids=\"\" data-instructorids=\"\" data-enablefullwidth=\"\" data-type=\"type6\" data-showdescription=\"true\" data-hidelabels=\"\" data-hidecategory=\"true\" data-hideaddtocartbutton=\"true\" data-class=\"fullwidth-courses\" ><div class=\"dtlms-column dtlms-one-third first\"><div class=\"dtlms-courses-listing-filters\"><div class=\"dtlms-courses-category-filter\"><div class=\"dtlms-title\">Course Categories<\/div><ul><li>\n\t                                \t\t\t\t<input type=\"checkbox\" name=\"coursefilter-category\" class=\"coursefilter-category\" value=\"183\" id=\"coursefilter-category-183\"  \/>\n\t                                \t\t\t\t<label for=\"coursefilter-category-183\">1. S\u00e9minaires KNX certifi\u00e9s online<\/label>\n\t                                \t\t\t<\/li><\/ul><\/div><\/div><\/div><div class=\"dtlms-column dtlms-two-third\"><div class=\"dtlms-courses-listing-rightside-filter\"><div class=\"dtlms-courses-display-filter\">\n                        <a class=\"dtlms-courses-display-type grid active\" data-displaytype=\"grid\"><span><\/span>Grid<\/a>\n                        <a class=\"dtlms-courses-display-type list \" data-displaytype=\"list\"><span><\/span>List<\/a>\n                    <\/div><\/div><div class=\"dtlms-courses-listing-containers grid  dtlms-apply-isotope\"><div id=\"dtlms-ajax-load-image\"  style=\"display:none;\">\n\t\t\t\t\t<div class=\"dtlms-loader-inner\">\n\t\t\t\t\t\t<div class=\"dtlms-loading\"><\/div>\n\t\t\t\t\t\t<div class=\"dtlms-pad\">\n\t\t\t\t\t\t\t<div class=\"dtlms-line dtlms-line1\"><\/div>\n\t\t\t\t\t\t\t<div class=\"dtlms-line dtlms-line2\"><\/div>\n\t\t\t\t\t\t\t<div class=\"dtlms-line dtlms-line3\"><\/div>\n\t\t\t\t\t\t<\/div>\n\t\t\t\t\t<\/div>\n\t\t\t\t<\/div><\/div><\/div><\/div><div id=\"1545739097756-151561f2-0080\" class=\"dt-sc-empty-space\"><\/div>[\/vc_column][\/vc_row]<\/p>\n<\/div>","protected":false},"excerpt":{"rendered":"<p>[vc_row full_width=\u00a0\u00bbstretch_row\u00a0\u00bb bg_type=\u00a0\u00bbimage\u00a0\u00bb parallax_style=\u00a0\u00bbvcpb-vz-jquery\u00a0\u00bb bg_image_new=\u00a0\u00bbid^11837|url^https:\/\/knxlive.com\/new\/wp-content\/uploads\/2018\/12\/fw12.png|caption^null|alt^img|title^fw12|description^null\u00a0\u00bb bg_image_repeat=\u00a0\u00bbno-repeat\u00a0\u00bb bg_image_size=\u00a0\u00bbinitial\u00a0\u00bb css=\u00a0\u00bb.vc_custom_1545738980195{margin-top: -127px !important;}\u00a0\u00bb][vc_column][vc_column_text css_animation=\u00a0\u00bbfadeInRight\u00a0\u00bb]Des s\u00e9minaires certifi\u00e9s KNX en ligne (basique, avanc\u00e9, HVAC) sont propos\u00e9s par la KNX Live Platform, qui est un centre [&hellip;]<\/p>\n","protected":false},"author":1,"featured_media":0,"parent":0,"menu_order":0,"comment_status":"closed","ping_status":"closed","template":"","meta":{"_acf_changed":false,"om_disable_all_campaigns":false,"_monsterinsights_skip_tracking":false,"_monsterinsights_sitenote_active":false,"_monsterinsights_sitenote_note":"","_monsterinsights_sitenote_category":0,"footnotes":""},"class_list":["post-25165","page","type-page","status-publish","hentry"],"acf":[],"yoast_head":"<!-- This site is optimized with the Yoast SEO plugin v27.2 - https:\/\/yoast.com\/product\/yoast-seo-wordpress\/ -->\n<title>S\u00e9minaires certifi\u00e9s KNX en ligne - Base en ligne, avanc\u00e9 et HVAC<\/title>\n<meta name=\"description\" content=\"Cours KNX certifi\u00e9s en ligne KNX. Les s\u00e9minaires certifi\u00e9s uniques avec un acc\u00e8s 24h\/24 \u00e0 de v\u00e9ritables \u00e9quipements KNX pour la pratique.\" \/>\n<meta name=\"robots\" content=\"index, follow, max-snippet:-1, max-image-preview:large, max-video-preview:-1\" \/>\n<link rel=\"canonical\" href=\"https:\/\/knxlive.com\/fr\/course-list\/\" \/>\n<meta property=\"og:locale\" content=\"fr_FR\" \/>\n<meta property=\"og:type\" content=\"article\" \/>\n<meta property=\"og:title\" content=\"S\u00e9minaires certifi\u00e9s KNX en ligne - Base en ligne, avanc\u00e9 et HVAC\" \/>\n<meta property=\"og:description\" content=\"Cours KNX certifi\u00e9s en ligne KNX. Les s\u00e9minaires certifi\u00e9s uniques avec un acc\u00e8s 24h\/24 \u00e0 de v\u00e9ritables \u00e9quipements KNX pour la pratique.\" \/>\n<meta property=\"og:url\" content=\"https:\/\/knxlive.com\/fr\/course-list\/\" \/>\n<meta property=\"og:site_name\" content=\"KNX Live Platform\" \/>\n<meta property=\"article:publisher\" content=\"https:\/\/www.facebook.com\/knxliveplatform\/\" \/>\n<meta property=\"article:modified_time\" content=\"2023-11-11T12:13:37+00:00\" \/>\n<meta property=\"og:image\" content=\"https:\/\/knxlive.com\/wp-content\/uploads\/2021\/03\/Demo-case-300x169.png\" \/>\n<meta name=\"twitter:card\" content=\"summary_large_image\" \/>\n<meta name=\"twitter:label1\" content=\"Dur\u00e9e de lecture estim\u00e9e\" \/>\n\t<meta name=\"twitter:data1\" content=\"2 minutes\" \/>\n<script type=\"application\/ld+json\" class=\"yoast-schema-graph\">{\"@context\":\"https:\/\/schema.org\",\"@graph\":[{\"@type\":\"WebPage\",\"@id\":\"https:\/\/knxlive.com\/fr\/course-list\/\",\"url\":\"https:\/\/knxlive.com\/fr\/course-list\/\",\"name\":\"S\u00e9minaires certifi\u00e9s KNX en ligne - Base en ligne, avanc\u00e9 et HVAC\",\"isPartOf\":{\"@id\":\"https:\/\/knxlive.com\/#website\"},\"primaryImageOfPage\":{\"@id\":\"https:\/\/knxlive.com\/fr\/course-list\/#primaryimage\"},\"image\":{\"@id\":\"https:\/\/knxlive.com\/fr\/course-list\/#primaryimage\"},\"thumbnailUrl\":\"https:\/\/knxlive.com\/wp-content\/uploads\/2021\/03\/Demo-case-300x169.png\",\"datePublished\":\"2021-06-14T06:47:49+00:00\",\"dateModified\":\"2023-11-11T12:13:37+00:00\",\"description\":\"Cours KNX certifi\u00e9s en ligne KNX. Les s\u00e9minaires certifi\u00e9s uniques avec un acc\u00e8s 24h\/24 \u00e0 de v\u00e9ritables \u00e9quipements KNX pour la pratique.\",\"breadcrumb\":{\"@id\":\"https:\/\/knxlive.com\/fr\/course-list\/#breadcrumb\"},\"inLanguage\":\"fr-FR\",\"potentialAction\":[{\"@type\":\"ReadAction\",\"target\":[\"https:\/\/knxlive.com\/fr\/course-list\/\"]}]},{\"@type\":\"ImageObject\",\"inLanguage\":\"fr-FR\",\"@id\":\"https:\/\/knxlive.com\/fr\/course-list\/#primaryimage\",\"url\":\"https:\/\/knxlive.com\/wp-content\/uploads\/2021\/03\/Demo-case-300x169.png\",\"contentUrl\":\"https:\/\/knxlive.com\/wp-content\/uploads\/2021\/03\/Demo-case-300x169.png\"},{\"@type\":\"BreadcrumbList\",\"@id\":\"https:\/\/knxlive.com\/fr\/course-list\/#breadcrumb\",\"itemListElement\":[{\"@type\":\"ListItem\",\"position\":1,\"name\":\"Home\",\"item\":\"https:\/\/knxlive.com\/fr\/\"},{\"@type\":\"ListItem\",\"position\":2,\"name\":\"Course List\"}]},{\"@type\":\"WebSite\",\"@id\":\"https:\/\/knxlive.com\/#website\",\"url\":\"https:\/\/knxlive.com\/\",\"name\":\"KNX Live Platform\",\"description\":\"S\u00e9minaires certifi\u00e9s KNX\",\"publisher\":{\"@id\":\"https:\/\/knxlive.com\/#organization\"},\"alternateName\":\"KNX online\",\"potentialAction\":[{\"@type\":\"SearchAction\",\"target\":{\"@type\":\"EntryPoint\",\"urlTemplate\":\"https:\/\/knxlive.com\/?s={search_term_string}\"},\"query-input\":{\"@type\":\"PropertyValueSpecification\",\"valueRequired\":true,\"valueName\":\"search_term_string\"}}],\"inLanguage\":\"fr-FR\"},{\"@type\":\"Organization\",\"@id\":\"https:\/\/knxlive.com\/#organization\",\"name\":\"KNX Live Platform\",\"alternateName\":\"KNX online training\",\"url\":\"https:\/\/knxlive.com\/\",\"logo\":{\"@type\":\"ImageObject\",\"inLanguage\":\"fr-FR\",\"@id\":\"https:\/\/knxlive.com\/#\/schema\/logo\/image\/\",\"url\":\"https:\/\/knxlive.com\/wp-content\/uploads\/2021\/01\/logo-black.png\",\"contentUrl\":\"https:\/\/knxlive.com\/wp-content\/uploads\/2021\/01\/logo-black.png\",\"width\":1917,\"height\":714,\"caption\":\"KNX Live Platform\"},\"image\":{\"@id\":\"https:\/\/knxlive.com\/#\/schema\/logo\/image\/\"},\"sameAs\":[\"https:\/\/www.facebook.com\/knxliveplatform\/\"]}]}<\/script>\n<!-- \/ Yoast SEO plugin. -->","yoast_head_json":{"title":"S\u00e9minaires certifi\u00e9s KNX en ligne - Base en ligne, avanc\u00e9 et HVAC","description":"Cours KNX certifi\u00e9s en ligne KNX. Les s\u00e9minaires certifi\u00e9s uniques avec un acc\u00e8s 24h\/24 \u00e0 de v\u00e9ritables \u00e9quipements KNX pour la pratique.","robots":{"index":"index","follow":"follow","max-snippet":"max-snippet:-1","max-image-preview":"max-image-preview:large","max-video-preview":"max-video-preview:-1"},"canonical":"https:\/\/knxlive.com\/fr\/course-list\/","og_locale":"fr_FR","og_type":"article","og_title":"S\u00e9minaires certifi\u00e9s KNX en ligne - Base en ligne, avanc\u00e9 et HVAC","og_description":"Cours KNX certifi\u00e9s en ligne KNX. Les s\u00e9minaires certifi\u00e9s uniques avec un acc\u00e8s 24h\/24 \u00e0 de v\u00e9ritables \u00e9quipements KNX pour la pratique.","og_url":"https:\/\/knxlive.com\/fr\/course-list\/","og_site_name":"KNX Live Platform","article_publisher":"https:\/\/www.facebook.com\/knxliveplatform\/","article_modified_time":"2023-11-11T12:13:37+00:00","og_image":[{"url":"https:\/\/knxlive.com\/wp-content\/uploads\/2021\/03\/Demo-case-300x169.png","type":"","width":"","height":""}],"twitter_card":"summary_large_image","twitter_misc":{"Dur\u00e9e de lecture estim\u00e9e":"2 minutes"},"schema":{"@context":"https:\/\/schema.org","@graph":[{"@type":"WebPage","@id":"https:\/\/knxlive.com\/fr\/course-list\/","url":"https:\/\/knxlive.com\/fr\/course-list\/","name":"S\u00e9minaires certifi\u00e9s KNX en ligne - Base en ligne, avanc\u00e9 et HVAC","isPartOf":{"@id":"https:\/\/knxlive.com\/#website"},"primaryImageOfPage":{"@id":"https:\/\/knxlive.com\/fr\/course-list\/#primaryimage"},"image":{"@id":"https:\/\/knxlive.com\/fr\/course-list\/#primaryimage"},"thumbnailUrl":"https:\/\/knxlive.com\/wp-content\/uploads\/2021\/03\/Demo-case-300x169.png","datePublished":"2021-06-14T06:47:49+00:00","dateModified":"2023-11-11T12:13:37+00:00","description":"Cours KNX certifi\u00e9s en ligne KNX. Les s\u00e9minaires certifi\u00e9s uniques avec un acc\u00e8s 24h\/24 \u00e0 de v\u00e9ritables \u00e9quipements KNX pour la pratique.","breadcrumb":{"@id":"https:\/\/knxlive.com\/fr\/course-list\/#breadcrumb"},"inLanguage":"fr-FR","potentialAction":[{"@type":"ReadAction","target":["https:\/\/knxlive.com\/fr\/course-list\/"]}]},{"@type":"ImageObject","inLanguage":"fr-FR","@id":"https:\/\/knxlive.com\/fr\/course-list\/#primaryimage","url":"https:\/\/knxlive.com\/wp-content\/uploads\/2021\/03\/Demo-case-300x169.png","contentUrl":"https:\/\/knxlive.com\/wp-content\/uploads\/2021\/03\/Demo-case-300x169.png"},{"@type":"BreadcrumbList","@id":"https:\/\/knxlive.com\/fr\/course-list\/#breadcrumb","itemListElement":[{"@type":"ListItem","position":1,"name":"Home","item":"https:\/\/knxlive.com\/fr\/"},{"@type":"ListItem","position":2,"name":"Course List"}]},{"@type":"WebSite","@id":"https:\/\/knxlive.com\/#website","url":"https:\/\/knxlive.com\/","name":"KNX Live Platform","description":"S\u00e9minaires certifi\u00e9s KNX","publisher":{"@id":"https:\/\/knxlive.com\/#organization"},"alternateName":"KNX online","potentialAction":[{"@type":"SearchAction","target":{"@type":"EntryPoint","urlTemplate":"https:\/\/knxlive.com\/?s={search_term_string}"},"query-input":{"@type":"PropertyValueSpecification","valueRequired":true,"valueName":"search_term_string"}}],"inLanguage":"fr-FR"},{"@type":"Organization","@id":"https:\/\/knxlive.com\/#organization","name":"KNX Live Platform","alternateName":"KNX online training","url":"https:\/\/knxlive.com\/","logo":{"@type":"ImageObject","inLanguage":"fr-FR","@id":"https:\/\/knxlive.com\/#\/schema\/logo\/image\/","url":"https:\/\/knxlive.com\/wp-content\/uploads\/2021\/01\/logo-black.png","contentUrl":"https:\/\/knxlive.com\/wp-content\/uploads\/2021\/01\/logo-black.png","width":1917,"height":714,"caption":"KNX Live Platform"},"image":{"@id":"https:\/\/knxlive.com\/#\/schema\/logo\/image\/"},"sameAs":["https:\/\/www.facebook.com\/knxliveplatform\/"]}]}},"_links":{"self":[{"href":"https:\/\/knxlive.com\/fr\/wp-json\/wp\/v2\/pages\/25165","targetHints":{"allow":["GET"]}}],"collection":[{"href":"https:\/\/knxlive.com\/fr\/wp-json\/wp\/v2\/pages"}],"about":[{"href":"https:\/\/knxlive.com\/fr\/wp-json\/wp\/v2\/types\/page"}],"author":[{"embeddable":true,"href":"https:\/\/knxlive.com\/fr\/wp-json\/wp\/v2\/users\/1"}],"replies":[{"embeddable":true,"href":"https:\/\/knxlive.com\/fr\/wp-json\/wp\/v2\/comments?post=25165"}],"version-history":[{"count":7,"href":"https:\/\/knxlive.com\/fr\/wp-json\/wp\/v2\/pages\/25165\/revisions"}],"predecessor-version":[{"id":26382,"href":"https:\/\/knxlive.com\/fr\/wp-json\/wp\/v2\/pages\/25165\/revisions\/26382"}],"wp:attachment":[{"href":"https:\/\/knxlive.com\/fr\/wp-json\/wp\/v2\/media?parent=25165"}],"curies":[{"name":"wp","href":"https:\/\/api.w.org\/{rel}","templated":true}]}}