{"id":25174,"date":"2021-06-14T09:49:56","date_gmt":"2021-06-14T06:49:56","guid":{"rendered":"https:\/\/knxlive.com\/?page_id=25174"},"modified":"2022-05-18T14:36:47","modified_gmt":"2022-05-18T11:36:47","slug":"privacy-policy","status":"publish","type":"page","link":"https:\/\/knxlive.com\/fr\/privacy-policy\/","title":{"rendered":"Politique de confidentialit\u00e9"},"content":{"rendered":"\r\n<h2 class=\"wp-block-heading\"><\/h2>\r\n<h2 class=\"wp-block-heading\"><\/h2>\r\n<h2 class=\"wp-block-heading\"><strong>Nous<\/strong><strong> sommes\u00a0<\/strong><\/h2>\r\n<p>L&rsquo;adresse de notre site Web est : https:\/\/knxlive.com.<\/p>\r\n<h2><strong>Commentaires<\/strong><\/h2>\r\n<p>Lorsque les visiteurs laissent des commentaires sur le site, nous collectons les donn\u00e9es affich\u00e9es dans le formulaire de commentaires, ainsi que l&rsquo;adresse IP du visiteur et la cha\u00eene de l&rsquo;agent utilisateur du navigateur pour faciliter la d\u00e9tection du spam. Une cha\u00eene anonymis\u00e9e cr\u00e9\u00e9e \u00e0 partir de votre adresse e-mail (\u00e9galement appel\u00e9e hachage) peut \u00eatre fournie au service Gravatar pour voir si vous l&rsquo;utilisez. La politique de confidentialit\u00e9 du service Gravatar est disponible ici : https:\/\/automattic.com\/privacy\/. Apr\u00e8s validation de votre commentaire, votre photo de profil est visible publiquement \u00e0 cot\u00e9 de votre commentaire.<\/p>\r\n<h2><strong>M\u00e9dias<\/strong><\/h2>\r\n<p>Si vous t\u00e9l\u00e9chargez des images sur le site Web, vous devez \u00e9viter de t\u00e9l\u00e9charger des images avec des donn\u00e9es de localisation int\u00e9gr\u00e9es (EXIF GPS) incluses. Les visiteurs du site Web peuvent t\u00e9l\u00e9charger et extraire toutes les donn\u00e9es de localisation des images sur le site Web.<\/p>\r\n<h2><strong>Biscuits<\/strong><\/h2>\r\n<p>Si vous laissez un commentaire sur notre site, vous pouvez choisir d&rsquo;enregistrer votre nom, votre adresse e-mail et votre site Web dans les cookies. Ceux-ci sont pour votre commodit\u00e9 afin que vous n&rsquo;ayez pas \u00e0 ressaisir vos coordonn\u00e9es lorsque vous laissez un autre commentaire. Ces cookies dureront un an. Si vous visitez notre page de connexion, nous d\u00e9finirons un cookie temporaire pour d\u00e9terminer si votre navigateur accepte les cookies. Ce cookie ne contient aucune donn\u00e9e personnelle et est supprim\u00e9 lorsque vous fermez votre navigateur. Lors de votre connexion, nous mettrons \u00e9galement en place plusieurs cookies pour enregistrer vos informations de connexion et vos choix d&rsquo;affichage \u00e0 l&rsquo;\u00e9cran. Les cookies de connexion durent deux jours et les cookies d&rsquo;options d&rsquo;\u00e9cran durent un an. Si vous s\u00e9lectionnez \u00ab\u00a0Se souvenir de moi\u00a0\u00bb, votre connexion persistera pendant deux semaines. Si vous vous d\u00e9connectez de votre compte, les cookies de connexion seront supprim\u00e9s. Si vous modifiez ou publiez un article, un cookie suppl\u00e9mentaire sera enregistr\u00e9 dans votre navigateur. Ce cookie ne contient aucune donn\u00e9e personnelle et indique simplement l&rsquo;ID de publication de l&rsquo;article que vous venez de modifier. Il expire apr\u00e8s 1 jour.<\/p>\r\n<h2><strong>Contenu int\u00e9gr\u00e9 provenant d&rsquo;autres sites Web<\/strong><\/h2>\r\n<p>Les articles de ce site peuvent inclure des contenus int\u00e9gr\u00e9s (par exemple des vid\u00e9os, images, articles, etc.). Le contenu int\u00e9gr\u00e9 d&rsquo;autres sites Web se comporte exactement de la m\u00eame mani\u00e8re que si le visiteur avait visit\u00e9 l&rsquo;autre site Web. Ces sites Web peuvent collecter des donn\u00e9es vous concernant, utiliser des cookies, int\u00e9grer un suivi tiers suppl\u00e9mentaire et surveiller votre interaction avec ce contenu int\u00e9gr\u00e9, y compris le suivi de votre interaction avec le contenu int\u00e9gr\u00e9 si vous avez un compte et \u00eates connect\u00e9 \u00e0 ce site Web.<\/p>\r\n<h2><strong>Avec qui partageons-nous vos donn\u00e9es<\/strong><\/h2>\r\n<p>Si vous demandez une r\u00e9initialisation de mot de passe, votre adresse IP sera incluse dans l&rsquo;e-mail de r\u00e9initialisation.<\/p>\r\n<h2><strong>Combien de temps conservons-nous vos donn\u00e9es<\/strong><\/h2>\r\n<p>Si vous laissez un commentaire, le commentaire et ses m\u00e9tadonn\u00e9es sont conserv\u00e9s ind\u00e9finiment. C&rsquo;est ainsi que nous pouvons reconna\u00eetre et approuver automatiquement tous les commentaires de suivi au lieu de les maintenir dans une file d&rsquo;attente de mod\u00e9ration. Pour les utilisateurs qui s&rsquo;inscrivent sur notre site Web (le cas \u00e9ch\u00e9ant), nous stockons \u00e9galement les informations personnelles qu&rsquo;ils fournissent dans leur profil d&rsquo;utilisateur. Tous les utilisateurs peuvent voir, modifier ou supprimer leurs informations personnelles \u00e0 tout moment (sauf qu&rsquo;ils ne peuvent pas changer leur nom d&rsquo;utilisateur). Les administrateurs de site Web peuvent \u00e9galement voir et modifier ces informations.<\/p>\r\n<h2><strong>Quels droits vous avez sur vos donn\u00e9es<\/strong><\/h2>\r\n<p>Si vous avez un compte sur ce site, ou avez laiss\u00e9 des commentaires, vous pouvez demander \u00e0 recevoir un fichier export\u00e9 des donn\u00e9es personnelles que nous d\u00e9tenons \u00e0 votre sujet, y compris toutes les donn\u00e9es que vous nous avez fournies. Vous pouvez \u00e9galement demander que nous supprimions toutes les donn\u00e9es personnelles que nous d\u00e9tenons \u00e0 votre sujet. Cela n&rsquo;inclut pas les donn\u00e9es que nous sommes oblig\u00e9s de conserver \u00e0 des fins administratives, juridiques ou de s\u00e9curit\u00e9.<\/p>\r\n<h2>O\u00f9 nous envoyons vos donn\u00e9es<\/h2>\r\n<p>Les commentaires des visiteurs peuvent \u00eatre v\u00e9rifi\u00e9s via un service automatis\u00e9 de d\u00e9tection de spam.<\/p>\r\n<h2><strong>Acc\u00e8s RGPD<\/strong><\/h2>\r\n<p>Je suis int\u00e9ress\u00e9 \u00e0 recevoir ou j&rsquo;ai d\u00e9j\u00e0 re\u00e7u de KNX Live Platform des informations, des promotions et des communications commerciales de produits et services par t\u00e9l\u00e9phone, SMS, MMS, FAX, e-mail et Internet. Promotion de mes donn\u00e9es personnelles \u00e0 des tiers ou \u00e0 des groupes de tiers tels que des entrepreneurs, des soci\u00e9t\u00e9s immobili\u00e8res, des utilisateurs finaux afin de promouvoir mes services pour l&rsquo;ex\u00e9cution de contrats de travaux. Profilage de mon comportement pour les besoins de formation afin de fournir un service sp\u00e9cialis\u00e9 de haut niveau, assurer la rapidit\u00e9 et la qualit\u00e9 dans la gestion de mes demandes ainsi que l&rsquo;envoi de questionnaires de satisfaction et d&rsquo;\u00e9valuation des produits et services de KNX Live Platform. L&rsquo;enregistrement et la maintenance de mes donn\u00e9es personnelles sur les plateformes KNX Live Platform et les contrats qui ont \u00e9t\u00e9 pr\u00e9par\u00e9s pour mon compte avec acc\u00e8s uniquement aux responsables de KNX live et, le cas \u00e9ch\u00e9ant, au partenaire individuel. De plus, conform\u00e9ment \u00e0 l&rsquo;article 9.2a du r\u00e8glement UE 2016\/679 (GDPR), et apr\u00e8s avoir lu la d\u00e9claration de confidentialit\u00e9, j&rsquo;exprime express\u00e9ment et inconditionnellement mon autorisation \u00e0 la conservation et au traitement des cat\u00e9gories sp\u00e9cifiques de donn\u00e9es personnelles (donn\u00e9es sensibles).<\/p>\r\n<h2><strong>Termes<\/strong><\/h2>\r\n<p>Pour participer \u00e0 l&rsquo;un des programmes de formation de la formation KNX, veuillez suivre les \u00e9tapes ci-dessous : Cr\u00e9ez un compte et envoyez le formulaire d&rsquo;inscription. Je demande un acc\u00e8s gratuit d&rsquo;une journ\u00e9e \u00e0 la d\u00e9mo KNX Live Platform. Il s&rsquo;agit d&rsquo;une \u00e9tape obligatoire afin de v\u00e9rifier si je peux contr\u00f4ler et jouer avec la d\u00e9mo KNX Live Platform conform\u00e9ment au fichier d&rsquo;instructions. Je d\u00e9clare pouvoir utiliser la d\u00e9mo KNX Live Platform et je ne peux en aucun cas demander l&rsquo;annulation de ma participation et demander un remboursement. Je dois remettre le mat\u00e9riel (serveur et d\u00e9mo) \u00e0 l&rsquo;\u00e9tat initial sans aucun dommage. Je commanderai des examens de pr\u00e9sentation apr\u00e8s 7 jours au moins de la fin du cours avec la pr\u00e9sence du tuteur KNX.<\/p>\r\n<h2><\/h2>\r\n<h2><\/h2>\r\n","protected":false},"excerpt":{"rendered":"Nous sommes\u00a0 L'adresse de notre site Web est : https:\/\/knxlive.com. Commentaires Lorsque les visiteurs laissent des commentaires sur le site, nous collectons les donn\u00e9es affich\u00e9es dans le formulaire de commentaires, [...]","protected":false},"author":1,"featured_media":0,"parent":0,"menu_order":0,"comment_status":"closed","ping_status":"closed","template":"","meta":{"_acf_changed":false,"om_disable_all_campaigns":false,"_monsterinsights_skip_tracking":false,"_monsterinsights_sitenote_active":false,"_monsterinsights_sitenote_note":"","_monsterinsights_sitenote_category":0,"footnotes":""},"class_list":["post-25174","page","type-page","status-publish","hentry"],"acf":[],"yoast_head":"<!-- This site is optimized with the Yoast SEO plugin v27.2 - https:\/\/yoast.com\/product\/yoast-seo-wordpress\/ -->\n<title>Politique de confidentialit\u00e9 - KNX Live Platform<\/title>\n<meta name=\"robots\" content=\"index, follow, max-snippet:-1, max-image-preview:large, max-video-preview:-1\" \/>\n<link rel=\"canonical\" href=\"https:\/\/knxlive.com\/fr\/privacy-policy\/\" \/>\n<meta property=\"og:locale\" content=\"fr_FR\" \/>\n<meta property=\"og:type\" content=\"article\" \/>\n<meta property=\"og:title\" content=\"Politique de confidentialit\u00e9 - KNX Live Platform\" \/>\n<meta property=\"og:url\" content=\"https:\/\/knxlive.com\/fr\/privacy-policy\/\" \/>\n<meta property=\"og:site_name\" content=\"KNX Live Platform\" \/>\n<meta property=\"article:publisher\" content=\"https:\/\/www.facebook.com\/knxliveplatform\/\" \/>\n<meta property=\"article:modified_time\" content=\"2022-05-18T11:36:47+00:00\" \/>\n<meta property=\"og:image\" content=\"https:\/\/knxlive.com\/wp-content\/uploads\/2021\/01\/Logo-Knx.png\" \/>\n\t<meta property=\"og:image:width\" content=\"1920\" \/>\n\t<meta property=\"og:image:height\" content=\"1920\" \/>\n\t<meta property=\"og:image:type\" content=\"image\/png\" \/>\n<meta name=\"twitter:card\" content=\"summary_large_image\" \/>\n<meta name=\"twitter:label1\" content=\"Dur\u00e9e de lecture estim\u00e9e\" \/>\n\t<meta name=\"twitter:data1\" content=\"5 minutes\" \/>\n<script type=\"application\/ld+json\" class=\"yoast-schema-graph\">{\"@context\":\"https:\/\/schema.org\",\"@graph\":[{\"@type\":\"WebPage\",\"@id\":\"https:\/\/knxlive.com\/fr\/privacy-policy\/\",\"url\":\"https:\/\/knxlive.com\/fr\/privacy-policy\/\",\"name\":\"Politique de confidentialit\u00e9 - KNX Live Platform\",\"isPartOf\":{\"@id\":\"https:\/\/knxlive.com\/#website\"},\"datePublished\":\"2021-06-14T06:49:56+00:00\",\"dateModified\":\"2022-05-18T11:36:47+00:00\",\"breadcrumb\":{\"@id\":\"https:\/\/knxlive.com\/fr\/privacy-policy\/#breadcrumb\"},\"inLanguage\":\"fr-FR\",\"potentialAction\":[{\"@type\":\"ReadAction\",\"target\":[\"https:\/\/knxlive.com\/fr\/privacy-policy\/\"]}]},{\"@type\":\"BreadcrumbList\",\"@id\":\"https:\/\/knxlive.com\/fr\/privacy-policy\/#breadcrumb\",\"itemListElement\":[{\"@type\":\"ListItem\",\"position\":1,\"name\":\"Home\",\"item\":\"https:\/\/knxlive.com\/fr\/\"},{\"@type\":\"ListItem\",\"position\":2,\"name\":\"Politique de confidentialit\u00e9\"}]},{\"@type\":\"WebSite\",\"@id\":\"https:\/\/knxlive.com\/#website\",\"url\":\"https:\/\/knxlive.com\/\",\"name\":\"KNX Live Platform\",\"description\":\"S\u00e9minaires certifi\u00e9s KNX\",\"publisher\":{\"@id\":\"https:\/\/knxlive.com\/#organization\"},\"alternateName\":\"KNX online\",\"potentialAction\":[{\"@type\":\"SearchAction\",\"target\":{\"@type\":\"EntryPoint\",\"urlTemplate\":\"https:\/\/knxlive.com\/?s={search_term_string}\"},\"query-input\":{\"@type\":\"PropertyValueSpecification\",\"valueRequired\":true,\"valueName\":\"search_term_string\"}}],\"inLanguage\":\"fr-FR\"},{\"@type\":\"Organization\",\"@id\":\"https:\/\/knxlive.com\/#organization\",\"name\":\"KNX Live Platform\",\"alternateName\":\"KNX online training\",\"url\":\"https:\/\/knxlive.com\/\",\"logo\":{\"@type\":\"ImageObject\",\"inLanguage\":\"fr-FR\",\"@id\":\"https:\/\/knxlive.com\/#\/schema\/logo\/image\/\",\"url\":\"https:\/\/knxlive.com\/wp-content\/uploads\/2021\/01\/logo-black.png\",\"contentUrl\":\"https:\/\/knxlive.com\/wp-content\/uploads\/2021\/01\/logo-black.png\",\"width\":1917,\"height\":714,\"caption\":\"KNX Live Platform\"},\"image\":{\"@id\":\"https:\/\/knxlive.com\/#\/schema\/logo\/image\/\"},\"sameAs\":[\"https:\/\/www.facebook.com\/knxliveplatform\/\"]}]}<\/script>\n<!-- \/ Yoast SEO plugin. -->","yoast_head_json":{"title":"Politique de confidentialit\u00e9 - KNX Live Platform","robots":{"index":"index","follow":"follow","max-snippet":"max-snippet:-1","max-image-preview":"max-image-preview:large","max-video-preview":"max-video-preview:-1"},"canonical":"https:\/\/knxlive.com\/fr\/privacy-policy\/","og_locale":"fr_FR","og_type":"article","og_title":"Politique de confidentialit\u00e9 - KNX Live Platform","og_url":"https:\/\/knxlive.com\/fr\/privacy-policy\/","og_site_name":"KNX Live Platform","article_publisher":"https:\/\/www.facebook.com\/knxliveplatform\/","article_modified_time":"2022-05-18T11:36:47+00:00","og_image":[{"width":1920,"height":1920,"url":"https:\/\/knxlive.com\/wp-content\/uploads\/2021\/01\/Logo-Knx.png","type":"image\/png"}],"twitter_card":"summary_large_image","twitter_misc":{"Dur\u00e9e de lecture estim\u00e9e":"5 minutes"},"schema":{"@context":"https:\/\/schema.org","@graph":[{"@type":"WebPage","@id":"https:\/\/knxlive.com\/fr\/privacy-policy\/","url":"https:\/\/knxlive.com\/fr\/privacy-policy\/","name":"Politique de confidentialit\u00e9 - KNX Live Platform","isPartOf":{"@id":"https:\/\/knxlive.com\/#website"},"datePublished":"2021-06-14T06:49:56+00:00","dateModified":"2022-05-18T11:36:47+00:00","breadcrumb":{"@id":"https:\/\/knxlive.com\/fr\/privacy-policy\/#breadcrumb"},"inLanguage":"fr-FR","potentialAction":[{"@type":"ReadAction","target":["https:\/\/knxlive.com\/fr\/privacy-policy\/"]}]},{"@type":"BreadcrumbList","@id":"https:\/\/knxlive.com\/fr\/privacy-policy\/#breadcrumb","itemListElement":[{"@type":"ListItem","position":1,"name":"Home","item":"https:\/\/knxlive.com\/fr\/"},{"@type":"ListItem","position":2,"name":"Politique de confidentialit\u00e9"}]},{"@type":"WebSite","@id":"https:\/\/knxlive.com\/#website","url":"https:\/\/knxlive.com\/","name":"KNX Live Platform","description":"S\u00e9minaires certifi\u00e9s KNX","publisher":{"@id":"https:\/\/knxlive.com\/#organization"},"alternateName":"KNX online","potentialAction":[{"@type":"SearchAction","target":{"@type":"EntryPoint","urlTemplate":"https:\/\/knxlive.com\/?s={search_term_string}"},"query-input":{"@type":"PropertyValueSpecification","valueRequired":true,"valueName":"search_term_string"}}],"inLanguage":"fr-FR"},{"@type":"Organization","@id":"https:\/\/knxlive.com\/#organization","name":"KNX Live Platform","alternateName":"KNX online training","url":"https:\/\/knxlive.com\/","logo":{"@type":"ImageObject","inLanguage":"fr-FR","@id":"https:\/\/knxlive.com\/#\/schema\/logo\/image\/","url":"https:\/\/knxlive.com\/wp-content\/uploads\/2021\/01\/logo-black.png","contentUrl":"https:\/\/knxlive.com\/wp-content\/uploads\/2021\/01\/logo-black.png","width":1917,"height":714,"caption":"KNX Live Platform"},"image":{"@id":"https:\/\/knxlive.com\/#\/schema\/logo\/image\/"},"sameAs":["https:\/\/www.facebook.com\/knxliveplatform\/"]}]}},"_links":{"self":[{"href":"https:\/\/knxlive.com\/fr\/wp-json\/wp\/v2\/pages\/25174","targetHints":{"allow":["GET"]}}],"collection":[{"href":"https:\/\/knxlive.com\/fr\/wp-json\/wp\/v2\/pages"}],"about":[{"href":"https:\/\/knxlive.com\/fr\/wp-json\/wp\/v2\/types\/page"}],"author":[{"embeddable":true,"href":"https:\/\/knxlive.com\/fr\/wp-json\/wp\/v2\/users\/1"}],"replies":[{"embeddable":true,"href":"https:\/\/knxlive.com\/fr\/wp-json\/wp\/v2\/comments?post=25174"}],"version-history":[{"count":1,"href":"https:\/\/knxlive.com\/fr\/wp-json\/wp\/v2\/pages\/25174\/revisions"}],"predecessor-version":[{"id":25752,"href":"https:\/\/knxlive.com\/fr\/wp-json\/wp\/v2\/pages\/25174\/revisions\/25752"}],"wp:attachment":[{"href":"https:\/\/knxlive.com\/fr\/wp-json\/wp\/v2\/media?parent=25174"}],"curies":[{"name":"wp","href":"https:\/\/api.w.org\/{rel}","templated":true}]}}